{"id":54373,"date":"2026-01-20T17:19:42","date_gmt":"2026-01-20T22:19:42","guid":{"rendered":"https:\/\/jetonscanada.com\/en\/product\/1-12-ecu-du-dauphine-au-buste-juvenile-1660z-grenoble-france-km210-silver\/"},"modified":"2026-01-22T20:42:43","modified_gmt":"2026-01-23T01:42:43","slug":"1-12-ecu-du-dauphine-au-buste-juvenile-1660z-grenoble-france-km210-silver","status":"publish","type":"product","link":"https:\/\/jetonscanada.com\/fr\/product\/1-12-ecu-du-dauphine-au-buste-juvenile-1660z-grenoble-france-km210-silver\/","title":{"rendered":"1\/12 \u00e9cu du Dauphin\u00e9 au buste juv\u00e9nile 1660Z Grenoble France KM#210 silver"},"content":{"rendered":"<div><font size=\"4\" face=\"Arial\">1\/12 \u00e9cu du Dauphin\u00e9 au buste juv\u00e9nile 1660Z, Grenoble, France<\/font><\/div>\n<div><font size=\"4\" face=\"Arial\">Clairand 33134;&nbsp;<\/font><span style=\"font-family: Arial; font-size: large;\">KM#210<\/span><span style=\"font-family: Arial; font-size: large;\">.<\/span><\/div>\n<div><\/div>\n<div>\n<div style=\"\"><font size=\"4\" face=\"Arial\">______________________________<\/font><\/div>\n<\/div>","protected":false},"excerpt":{"rendered":"<p>1\/12 \u00e9cu du Dauphin\u00e9 au buste juv\u00e9nile 1660Z, Grenoble, France Clairand 33134;&nbsp;KM#210. ______________________________<\/p>","protected":false},"featured_media":54374,"template":"","meta":{"_acf_changed":false},"product_brand":[],"product_cat":[474],"product_tag":[],"class_list":{"0":"post-54373","1":"product","2":"type-product","3":"status-publish","4":"has-post-thumbnail","6":"product_cat-world-coins","7":"pif-has-gallery","9":"first","10":"instock","11":"taxable","12":"shipping-taxable","13":"purchasable","14":"product-type-simple"},"acf":[],"_links":{"self":[{"href":"https:\/\/jetonscanada.com\/fr\/wp-json\/wp\/v2\/product\/54373","targetHints":{"allow":["GET"]}}],"collection":[{"href":"https:\/\/jetonscanada.com\/fr\/wp-json\/wp\/v2\/product"}],"about":[{"href":"https:\/\/jetonscanada.com\/fr\/wp-json\/wp\/v2\/types\/product"}],"wp:featuredmedia":[{"embeddable":true,"href":"https:\/\/jetonscanada.com\/fr\/wp-json\/wp\/v2\/media\/54374"}],"wp:attachment":[{"href":"https:\/\/jetonscanada.com\/fr\/wp-json\/wp\/v2\/media?parent=54373"}],"wp:term":[{"taxonomy":"product_brand","embeddable":true,"href":"https:\/\/jetonscanada.com\/fr\/wp-json\/wp\/v2\/product_brand?post=54373"},{"taxonomy":"product_cat","embeddable":true,"href":"https:\/\/jetonscanada.com\/fr\/wp-json\/wp\/v2\/product_cat?post=54373"},{"taxonomy":"product_tag","embeddable":true,"href":"https:\/\/jetonscanada.com\/fr\/wp-json\/wp\/v2\/product_tag?post=54373"}],"curies":[{"name":"wp","href":"https:\/\/api.w.org\/{rel}","templated":true}]}}