{"id":54268,"date":"2026-01-15T18:06:20","date_gmt":"2026-01-15T23:06:20","guid":{"rendered":"https:\/\/jetonscanada.com\/en\/product\/ordre-de-la-couronne-belgique-order-of-the-crown-belgium-medal-medaille\/"},"modified":"2026-01-15T19:03:12","modified_gmt":"2026-01-16T00:03:12","slug":"ordre-de-la-couronne-belgique-order-of-the-crown-belgium-medal-medaille","status":"publish","type":"product","link":"https:\/\/jetonscanada.com\/fr\/product\/ordre-de-la-couronne-belgique-order-of-the-crown-belgium-medal-medaille\/","title":{"rendered":"Ordre de la couronne Belgique Order of the Crown Belgium Medal M\u00e9daille"},"content":{"rendered":"<div><font face=\"Arial\" size=\"4\">Ordre de la couronne \/ Order of the Crown, Belgique (Belgium) Medal (M\u00e9daille), Chevalier avec&nbsp;<\/font><span style=\"font-family: Arial; font-size: large;\">Glaives<\/span><span style=\"font-family: Arial; font-size: large;\">&nbsp;\/&nbsp;<\/span><span style=\"font-family: Arial; font-size: large;\">Knights Class with swords.<\/span><\/div>\n<div><span style=\"font-family: Arial; font-size: large;\">Bronze.<\/span><\/div>\n<div style=\"\"><span style=\"font-family: Arial; font-size: large;\">31.17 g (All with ribbon)<\/span><\/div>\n<div style=\"\"><font face=\"Arial\" size=\"4\">43.5 mm (Lower part only)<\/font><\/div>\n<div style=\"\"><font size=\"4\" face=\"Arial\"><br \/><\/font><\/div>\n<div style=\"\"><font size=\"4\" face=\"Arial\">Glaives crois\u00e9s sur le ruban si l&#8217;ordre a \u00e9t\u00e9 conf\u00e9r\u00e9 pour service rendu en temps de guerre (pour la Seconde Guerre mondiale et la guerre de Cor\u00e9e, une petite barre m\u00e9tallique est adjointe mentionnant le conflit).<\/font><\/div>\n<div style=\"\"><font size=\"4\" face=\"Arial\">Crossed swords are added to the ribbon when awarded in wartime (if the order was awarded during the Second World War or during the Korean War, a small bar is added to the ribbon mentioning the name of the war).<\/font><\/div>\n<div style=\"\"><\/div>\n<div style=\"\"><font size=\"4\" face=\"Arial\">______________________________<\/font><\/div>","protected":false},"excerpt":{"rendered":"<p>Ordre de la couronne \/ Order of the Crown, Belgique (Belgium) Medal (M\u00e9daille), Chevalier avec&nbsp;Glaives&nbsp;\/&nbsp;Knights Class with swords. Bronze. 31.17 g (All with ribbon) 43.5 mm (Lower part only) Glaives crois\u00e9s sur le ruban si l&#8217;ordre a \u00e9t\u00e9 conf\u00e9r\u00e9 pour service rendu en temps de guerre (pour la Seconde Guerre mondiale et la guerre de [&hellip;]<\/p>\n","protected":false},"featured_media":54269,"template":"","meta":{"_acf_changed":false},"product_brand":[],"product_cat":[445],"product_tag":[],"class_list":{"0":"post-54268","1":"product","2":"type-product","3":"status-publish","4":"has-post-thumbnail","6":"product_cat-other","7":"pif-has-gallery","9":"first","10":"instock","11":"taxable","12":"shipping-taxable","13":"purchasable","14":"product-type-simple"},"acf":[],"_links":{"self":[{"href":"https:\/\/jetonscanada.com\/fr\/wp-json\/wp\/v2\/product\/54268","targetHints":{"allow":["GET"]}}],"collection":[{"href":"https:\/\/jetonscanada.com\/fr\/wp-json\/wp\/v2\/product"}],"about":[{"href":"https:\/\/jetonscanada.com\/fr\/wp-json\/wp\/v2\/types\/product"}],"wp:featuredmedia":[{"embeddable":true,"href":"https:\/\/jetonscanada.com\/fr\/wp-json\/wp\/v2\/media\/54269"}],"wp:attachment":[{"href":"https:\/\/jetonscanada.com\/fr\/wp-json\/wp\/v2\/media?parent=54268"}],"wp:term":[{"taxonomy":"product_brand","embeddable":true,"href":"https:\/\/jetonscanada.com\/fr\/wp-json\/wp\/v2\/product_brand?post=54268"},{"taxonomy":"product_cat","embeddable":true,"href":"https:\/\/jetonscanada.com\/fr\/wp-json\/wp\/v2\/product_cat?post=54268"},{"taxonomy":"product_tag","embeddable":true,"href":"https:\/\/jetonscanada.com\/fr\/wp-json\/wp\/v2\/product_tag?post=54268"}],"curies":[{"name":"wp","href":"https:\/\/api.w.org\/{rel}","templated":true}]}}