{"id":52898,"date":"2025-06-30T15:19:38","date_gmt":"2025-06-30T19:19:38","guid":{"rendered":"https:\/\/jetonscanada.com\/en\/product\/1-ecu-a-la-meche-longue-1648m-toulouse-france-km155-11-silver\/"},"modified":"2025-06-30T21:46:23","modified_gmt":"2025-07-01T01:46:23","slug":"1-ecu-a-la-meche-longue-1648m-toulouse-france-km155-11-silver","status":"publish","type":"product","link":"https:\/\/jetonscanada.com\/fr\/product\/1-ecu-a-la-meche-longue-1648m-toulouse-france-km155-11-silver\/","title":{"rendered":"1 \u00e9cu \u00e0 la m\u00e8che longue 1648M Toulouse France KM#155.11 silver"},"content":{"rendered":"<div><font size=\"4\" face=\"Arial\">1 \u00e9cu \u00e0 la m\u00e8che longue 1648M, Toulouse, France<\/font><\/div>\n<div><font face=\"Arial\" size=\"4\">Clairand 33115; KM#155.11<\/font><span style=\"font-family: Arial; font-size: large;\">.<\/span><\/div>\n<div>\n<div style=\"\"><font size=\"4\" face=\"Arial\"><br \/><\/font><\/div>\n<div style=\"\"><font size=\"4\" face=\"Arial\">______________________________<\/font><\/div>\n<\/div>","protected":false},"excerpt":{"rendered":"<p>1 \u00e9cu \u00e0 la m\u00e8che longue 1648M, Toulouse, France Clairand 33115; KM#155.11. ______________________________<\/p>","protected":false},"featured_media":52899,"template":"","meta":{"_acf_changed":false},"product_brand":[],"product_cat":[474],"product_tag":[],"class_list":{"0":"post-52898","1":"product","2":"type-product","3":"status-publish","4":"has-post-thumbnail","6":"product_cat-world-coins","7":"pif-has-gallery","9":"first","10":"instock","11":"taxable","12":"shipping-taxable","13":"purchasable","14":"product-type-simple"},"acf":[],"_links":{"self":[{"href":"https:\/\/jetonscanada.com\/fr\/wp-json\/wp\/v2\/product\/52898","targetHints":{"allow":["GET"]}}],"collection":[{"href":"https:\/\/jetonscanada.com\/fr\/wp-json\/wp\/v2\/product"}],"about":[{"href":"https:\/\/jetonscanada.com\/fr\/wp-json\/wp\/v2\/types\/product"}],"wp:featuredmedia":[{"embeddable":true,"href":"https:\/\/jetonscanada.com\/fr\/wp-json\/wp\/v2\/media\/52899"}],"wp:attachment":[{"href":"https:\/\/jetonscanada.com\/fr\/wp-json\/wp\/v2\/media?parent=52898"}],"wp:term":[{"taxonomy":"product_brand","embeddable":true,"href":"https:\/\/jetonscanada.com\/fr\/wp-json\/wp\/v2\/product_brand?post=52898"},{"taxonomy":"product_cat","embeddable":true,"href":"https:\/\/jetonscanada.com\/fr\/wp-json\/wp\/v2\/product_cat?post=52898"},{"taxonomy":"product_tag","embeddable":true,"href":"https:\/\/jetonscanada.com\/fr\/wp-json\/wp\/v2\/product_tag?post=52898"}],"curies":[{"name":"wp","href":"https:\/\/api.w.org\/{rel}","templated":true}]}}