{"id":52784,"date":"2025-05-29T13:26:57","date_gmt":"2025-05-29T17:26:57","guid":{"rendered":"https:\/\/jetonscanada.com\/en\/product\/1-12-ecu-a-la-meche-longue-1658d-lyon-france-km166-4-silver\/"},"modified":"2025-05-29T13:26:57","modified_gmt":"2025-05-29T17:26:57","slug":"1-12-ecu-a-la-meche-longue-1658d-lyon-france-km166-4-silver","status":"publish","type":"product","link":"https:\/\/jetonscanada.com\/fr\/product\/1-12-ecu-a-la-meche-longue-1658d-lyon-france-km166-4-silver\/","title":{"rendered":"1\/12 \u00e9cu \u00e0 la m\u00e8che longue 1658D Lyon France KM#166.4 silver"},"content":{"rendered":"<div><font size=\"4\" face=\"Arial\">1\/12 \u00e9cu \u00e0 la m\u00e8che longue 1658D, Lyon, France<\/font><\/div>\n<div><font size=\"4\" face=\"Arial\">Clairand 33118;&nbsp;<\/font><span style=\"font-family: Arial; font-size: large;\">KM#166.4<\/span><span style=\"font-family: Arial; font-size: large;\">.<\/span><\/div>\n<div><font face=\"Arial\" size=\"4\">Cleaned(With a product, very bright), deep scratches.<\/font><\/div>\n<div>\n<div style=\"\"><font size=\"4\" face=\"Arial\"><br \/><\/font><\/div>\n<div style=\"\"><font size=\"4\" face=\"Arial\">______________________________<\/font><\/div>\n<\/div>","protected":false},"excerpt":{"rendered":"<p>1\/12 \u00e9cu \u00e0 la m\u00e8che longue 1658D, Lyon, France Clairand 33118;&nbsp;KM#166.4. Cleaned(With a product, very bright), deep scratches. ______________________________<\/p>","protected":false},"featured_media":52785,"template":"","meta":{"_acf_changed":false},"product_brand":[],"product_cat":[474],"product_tag":[],"class_list":{"0":"post-52784","1":"product","2":"type-product","3":"status-publish","4":"has-post-thumbnail","6":"product_cat-world-coins","7":"pif-has-gallery","9":"first","10":"instock","11":"taxable","12":"shipping-taxable","13":"purchasable","14":"product-type-simple"},"acf":[],"_links":{"self":[{"href":"https:\/\/jetonscanada.com\/fr\/wp-json\/wp\/v2\/product\/52784","targetHints":{"allow":["GET"]}}],"collection":[{"href":"https:\/\/jetonscanada.com\/fr\/wp-json\/wp\/v2\/product"}],"about":[{"href":"https:\/\/jetonscanada.com\/fr\/wp-json\/wp\/v2\/types\/product"}],"wp:featuredmedia":[{"embeddable":true,"href":"https:\/\/jetonscanada.com\/fr\/wp-json\/wp\/v2\/media\/52785"}],"wp:attachment":[{"href":"https:\/\/jetonscanada.com\/fr\/wp-json\/wp\/v2\/media?parent=52784"}],"wp:term":[{"taxonomy":"product_brand","embeddable":true,"href":"https:\/\/jetonscanada.com\/fr\/wp-json\/wp\/v2\/product_brand?post=52784"},{"taxonomy":"product_cat","embeddable":true,"href":"https:\/\/jetonscanada.com\/fr\/wp-json\/wp\/v2\/product_cat?post=52784"},{"taxonomy":"product_tag","embeddable":true,"href":"https:\/\/jetonscanada.com\/fr\/wp-json\/wp\/v2\/product_tag?post=52784"}],"curies":[{"name":"wp","href":"https:\/\/api.w.org\/{rel}","templated":true}]}}