{"id":52682,"date":"2025-05-29T13:23:24","date_gmt":"2025-05-29T17:23:24","guid":{"rendered":"https:\/\/jetonscanada.com\/en\/product\/1-ecu-aux-insignes-1702-9-rennes-france-km329-3-silver-overstrikeflan-reforme\/"},"modified":"2025-05-29T13:23:24","modified_gmt":"2025-05-29T17:23:24","slug":"1-ecu-aux-insignes-1702-9-rennes-france-km329-3-silver-overstrikeflan-reforme","status":"publish","type":"product","link":"https:\/\/jetonscanada.com\/fr\/product\/1-ecu-aux-insignes-1702-9-rennes-france-km329-3-silver-overstrikeflan-reforme\/","title":{"rendered":"1 \u00e9cu aux insignes 1702 9 Rennes France KM#329.3 silver Overstrike(Flan R\u00e9form\u00e9)"},"content":{"rendered":"<div><font face=\"Arial\" size=\"4\">1 \u00e9cu aux insignes 1702 9(Mint\/Atelier), Rennes, France<\/font><\/div>\n<div><font face=\"Arial\" size=\"4\">Overstrike(Flan R\u00e9form\u00e9<\/font><span style=\"font-family: Arial; font-size: large;\">) on a \u00c9cu aux palmes<\/span><\/div>\n<div><span style=\"font-family: Arial; font-size: large;\">Clairand 33168;&nbsp;<\/span><font face=\"Arial\" size=\"4\">KM#329.3<\/font><span style=\"font-family: Arial; font-size: large;\">.<\/span><\/div>\n<div>\n<div style=\"\"><font size=\"4\" face=\"Arial\"><br \/><\/font><\/div>\n<div style=\"\"><font size=\"4\" face=\"Arial\">______________________________<\/font><\/div>\n<\/div>","protected":false},"excerpt":{"rendered":"<p>1 \u00e9cu aux insignes 1702 9(Mint\/Atelier), Rennes, France Overstrike(Flan R\u00e9form\u00e9) on a \u00c9cu aux palmes Clairand 33168;&nbsp;KM#329.3. ______________________________<\/p>","protected":false},"featured_media":52683,"template":"","meta":{"_acf_changed":false},"product_brand":[],"product_cat":[474],"product_tag":[],"class_list":{"0":"post-52682","1":"product","2":"type-product","3":"status-publish","4":"has-post-thumbnail","6":"product_cat-world-coins","7":"pif-has-gallery","9":"first","10":"instock","11":"taxable","12":"shipping-taxable","13":"purchasable","14":"product-type-simple"},"acf":[],"_links":{"self":[{"href":"https:\/\/jetonscanada.com\/fr\/wp-json\/wp\/v2\/product\/52682","targetHints":{"allow":["GET"]}}],"collection":[{"href":"https:\/\/jetonscanada.com\/fr\/wp-json\/wp\/v2\/product"}],"about":[{"href":"https:\/\/jetonscanada.com\/fr\/wp-json\/wp\/v2\/types\/product"}],"wp:featuredmedia":[{"embeddable":true,"href":"https:\/\/jetonscanada.com\/fr\/wp-json\/wp\/v2\/media\/52683"}],"wp:attachment":[{"href":"https:\/\/jetonscanada.com\/fr\/wp-json\/wp\/v2\/media?parent=52682"}],"wp:term":[{"taxonomy":"product_brand","embeddable":true,"href":"https:\/\/jetonscanada.com\/fr\/wp-json\/wp\/v2\/product_brand?post=52682"},{"taxonomy":"product_cat","embeddable":true,"href":"https:\/\/jetonscanada.com\/fr\/wp-json\/wp\/v2\/product_cat?post=52682"},{"taxonomy":"product_tag","embeddable":true,"href":"https:\/\/jetonscanada.com\/fr\/wp-json\/wp\/v2\/product_tag?post=52682"}],"curies":[{"name":"wp","href":"https:\/\/api.w.org\/{rel}","templated":true}]}}