{"id":48886,"date":"2024-05-13T02:34:34","date_gmt":"2024-05-13T06:34:34","guid":{"rendered":"https:\/\/jetonscanada.com\/en\/product\/mereau-nd-saint-barthelemy-chapter-liege-spanish-netherlands-lead\/"},"modified":"2024-06-15T02:10:45","modified_gmt":"2024-06-15T06:10:45","slug":"mereau-nd-saint-barthelemy-chapter-liege-spanish-netherlands-lead","status":"publish","type":"product","link":"https:\/\/jetonscanada.com\/fr\/product\/mereau-nd-saint-barthelemy-chapter-liege-spanish-netherlands-lead\/","title":{"rendered":"Mereau ND Saint-Barth\u00e9l\u00e9my Chapter Liege Spanish Netherlands lead"},"content":{"rendered":"<div><font face=\"Arial\" size=\"4\">Mereau ND(Not dated), Saint-Barth\u00e9l\u00e9my Chapter (<span><span style=\"color: rgb(0, 0, 0); font-family: Arial; font-size: large; font-style: normal; font-variant-ligatures: normal; font-variant-caps: normal; font-weight: 400; letter-spacing: normal; orphans: 2; text-align: start; text-indent: 0px; text-transform: none; widows: 2; word-spacing: 0px; -webkit-text-stroke-width: 0px; white-space: normal; background-color: rgb(255, 255, 255); text-decoration-thickness: initial; text-decoration-style: initial; text-decoration-color: initial; display: inline !important; float: none;\">Chapitre de Saint-Barth\u00e9l\u00e9my<\/span><\/span>), Liege, Spanish Netherlands<\/font><\/div>\n<div><span style=\"font-family: Arial; font-size: large;\">Renesse 73, 2; Dengis Me.02-02.<\/span><\/div>\n<div><font face=\"Arial\" size=\"4\">Holed(Kind of plugged)<\/font><\/div>\n<div><\/div>\n<div>\n<div style=\"\"><font size=\"4\" face=\"Arial\">______________________________<\/font><\/div>\n<\/div>","protected":false},"excerpt":{"rendered":"<p>Mereau ND(Not dated), Saint-Barth\u00e9l\u00e9my Chapter (Chapitre de Saint-Barth\u00e9l\u00e9my), Liege, Spanish Netherlands Renesse 73, 2; Dengis Me.02-02. Holed(Kind of plugged) ______________________________<\/p>","protected":false},"featured_media":48887,"template":"","meta":{"_acf_changed":false},"product_brand":[],"product_cat":[446],"product_tag":[],"class_list":{"0":"post-48886","1":"product","2":"type-product","3":"status-publish","4":"has-post-thumbnail","6":"product_cat-other-tokens","7":"pif-has-gallery","9":"first","10":"outofstock","11":"taxable","12":"shipping-taxable","13":"purchasable","14":"product-type-simple"},"acf":[],"_links":{"self":[{"href":"https:\/\/jetonscanada.com\/fr\/wp-json\/wp\/v2\/product\/48886","targetHints":{"allow":["GET"]}}],"collection":[{"href":"https:\/\/jetonscanada.com\/fr\/wp-json\/wp\/v2\/product"}],"about":[{"href":"https:\/\/jetonscanada.com\/fr\/wp-json\/wp\/v2\/types\/product"}],"wp:featuredmedia":[{"embeddable":true,"href":"https:\/\/jetonscanada.com\/fr\/wp-json\/wp\/v2\/media\/48887"}],"wp:attachment":[{"href":"https:\/\/jetonscanada.com\/fr\/wp-json\/wp\/v2\/media?parent=48886"}],"wp:term":[{"taxonomy":"product_brand","embeddable":true,"href":"https:\/\/jetonscanada.com\/fr\/wp-json\/wp\/v2\/product_brand?post=48886"},{"taxonomy":"product_cat","embeddable":true,"href":"https:\/\/jetonscanada.com\/fr\/wp-json\/wp\/v2\/product_cat?post=48886"},{"taxonomy":"product_tag","embeddable":true,"href":"https:\/\/jetonscanada.com\/fr\/wp-json\/wp\/v2\/product_tag?post=48886"}],"curies":[{"name":"wp","href":"https:\/\/api.w.org\/{rel}","templated":true}]}}