{"id":47939,"date":"2024-03-13T00:51:01","date_gmt":"2024-03-13T04:51:01","guid":{"rendered":"https:\/\/jetonscanada.com\/fr\/product\/1-2-ecu-a-la-meche-longue-1655m-toulouse-france-km164-13-silver\/"},"modified":"2024-03-13T01:09:19","modified_gmt":"2024-03-13T05:09:19","slug":"1-2-ecu-a-la-meche-longue-1655m-toulouse-france-km164-13-silver","status":"publish","type":"product","link":"https:\/\/jetonscanada.com\/fr\/product\/1-2-ecu-a-la-meche-longue-1655m-toulouse-france-km164-13-silver\/","title":{"rendered":"1\/2 \u00e9cu \u00e0 la m\u00e8che longue 1655M Toulouse France KM#164.13 silver"},"content":{"rendered":"<div><font size=\"4\" face=\"Arial\">1\/2 \u00e9cu \u00e0 la m\u00e8che longue 1655M, Toulouse, France, KM#164.13<\/font><\/div>\n<div><font size=\"4\" face=\"Arial\">Clairand 33116.<br \/><\/font><\/p>\n<div style=\"\"><font size=\"4\" face=\"Arial\"><br \/><\/font><\/div>\n<div style=\"\"><font size=\"4\" face=\"Arial\">______________________________<\/font><\/div>\n<\/div>","protected":false},"excerpt":{"rendered":"<p>1\/2 \u00e9cu \u00e0 la m\u00e8che longue 1655M, Toulouse, France, KM#164.13 Clairand 33116. ______________________________<\/p>","protected":false},"featured_media":47940,"template":"","meta":{"_acf_changed":false},"product_brand":[],"product_cat":[474],"product_tag":[],"class_list":{"0":"post-47939","1":"product","2":"type-product","3":"status-publish","4":"has-post-thumbnail","6":"product_cat-world-coins","7":"pa_certification-uncertified","8":"pif-has-gallery","10":"first","11":"instock","12":"taxable","13":"shipping-taxable","14":"purchasable","15":"product-type-simple"},"acf":[],"_links":{"self":[{"href":"https:\/\/jetonscanada.com\/fr\/wp-json\/wp\/v2\/product\/47939","targetHints":{"allow":["GET"]}}],"collection":[{"href":"https:\/\/jetonscanada.com\/fr\/wp-json\/wp\/v2\/product"}],"about":[{"href":"https:\/\/jetonscanada.com\/fr\/wp-json\/wp\/v2\/types\/product"}],"wp:featuredmedia":[{"embeddable":true,"href":"https:\/\/jetonscanada.com\/fr\/wp-json\/wp\/v2\/media\/47940"}],"wp:attachment":[{"href":"https:\/\/jetonscanada.com\/fr\/wp-json\/wp\/v2\/media?parent=47939"}],"wp:term":[{"taxonomy":"product_brand","embeddable":true,"href":"https:\/\/jetonscanada.com\/fr\/wp-json\/wp\/v2\/product_brand?post=47939"},{"taxonomy":"product_cat","embeddable":true,"href":"https:\/\/jetonscanada.com\/fr\/wp-json\/wp\/v2\/product_cat?post=47939"},{"taxonomy":"product_tag","embeddable":true,"href":"https:\/\/jetonscanada.com\/fr\/wp-json\/wp\/v2\/product_tag?post=47939"}],"curies":[{"name":"wp","href":"https:\/\/api.w.org\/{rel}","templated":true}]}}