{"id":43754,"date":"2023-05-06T01:20:09","date_gmt":"2023-05-06T05:20:09","guid":{"rendered":"https:\/\/jetonscanada.com\/fr\/product\/double-patard-of-louvain-1468-1474-low-countries-charles-le-temeraire\/"},"modified":"2023-08-04T17:53:32","modified_gmt":"2023-08-04T21:53:32","slug":"double-patard-of-louvain-1468-1474-low-countries-charles-le-temeraire","status":"publish","type":"product","link":"https:\/\/jetonscanada.com\/fr\/product\/double-patard-of-louvain-1468-1474-low-countries-charles-le-temeraire\/","title":{"rendered":"Double patard of Louvain 1468-1474 Low Countries Charles le T\u00e9m\u00e9raire"},"content":{"rendered":"<p><font size=\"4\" face=\"Arial\">Double patard of Louvain (AR), struck 1468-1474, Low Countries&nbsp;(Pays-Bas m\u00e9ridionaux), Charles le T\u00e9m\u00e9raire(Charles the Bold) (1467-1477)<\/font><\/p>\n<div><font size=\"4\" face=\"Arial\">G.H. 23-1; W. 503; Vanhoudt 32.<\/font><\/div>\n<div><font size=\"4\" face=\"Arial\">3.09 g<br \/><\/font><\/p>\n<div style=\"\"><font size=\"4\" face=\"Arial\"><br \/><\/font><\/div>\n<div style=\"\"><font size=\"4\" face=\"Arial\">______________________________<\/font><\/div>\n<\/div>","protected":false},"excerpt":{"rendered":"<p>Double patard of Louvain (AR), struck 1468-1474, Low Countries&nbsp;(Pays-Bas m\u00e9ridionaux), Charles le T\u00e9m\u00e9raire(Charles the Bold) (1467-1477) G.H. 23-1; W. 503; Vanhoudt 32. 3.09 g ______________________________<\/p>","protected":false},"featured_media":43755,"template":"","meta":{"_acf_changed":false},"product_brand":[],"product_cat":[474],"product_tag":[],"class_list":{"0":"post-43754","1":"product","2":"type-product","3":"status-publish","4":"has-post-thumbnail","6":"product_cat-world-coins","7":"pa_certification-uncertified","8":"pif-has-gallery","10":"first","11":"outofstock","12":"taxable","13":"shipping-taxable","14":"purchasable","15":"product-type-simple"},"acf":[],"_links":{"self":[{"href":"https:\/\/jetonscanada.com\/fr\/wp-json\/wp\/v2\/product\/43754","targetHints":{"allow":["GET"]}}],"collection":[{"href":"https:\/\/jetonscanada.com\/fr\/wp-json\/wp\/v2\/product"}],"about":[{"href":"https:\/\/jetonscanada.com\/fr\/wp-json\/wp\/v2\/types\/product"}],"wp:featuredmedia":[{"embeddable":true,"href":"https:\/\/jetonscanada.com\/fr\/wp-json\/wp\/v2\/media\/43755"}],"wp:attachment":[{"href":"https:\/\/jetonscanada.com\/fr\/wp-json\/wp\/v2\/media?parent=43754"}],"wp:term":[{"taxonomy":"product_brand","embeddable":true,"href":"https:\/\/jetonscanada.com\/fr\/wp-json\/wp\/v2\/product_brand?post=43754"},{"taxonomy":"product_cat","embeddable":true,"href":"https:\/\/jetonscanada.com\/fr\/wp-json\/wp\/v2\/product_cat?post=43754"},{"taxonomy":"product_tag","embeddable":true,"href":"https:\/\/jetonscanada.com\/fr\/wp-json\/wp\/v2\/product_tag?post=43754"}],"curies":[{"name":"wp","href":"https:\/\/api.w.org\/{rel}","templated":true}]}}