{"id":43599,"date":"2023-04-28T00:46:36","date_gmt":"2023-04-28T04:46:36","guid":{"rendered":"https:\/\/jetonscanada.com\/fr\/product\/10-lepta-1831-greece-km12-copper-ioannis-kapodistrias-grece-%ce%b5%ce%bb%ce%bb%ce%ac%ce%b4%ce%b1\/"},"modified":"2023-04-29T10:10:46","modified_gmt":"2023-04-29T14:10:46","slug":"10-lepta-1831-greece-km12-copper-ioannis-kapodistrias-grece-%ce%b5%ce%bb%ce%bb%ce%ac%ce%b4%ce%b1","status":"publish","type":"product","link":"https:\/\/jetonscanada.com\/fr\/product\/10-lepta-1831-greece-km12-copper-ioannis-kapodistrias-grece-%ce%b5%ce%bb%ce%bb%ce%ac%ce%b4%ce%b1\/","title":{"rendered":"10 lepta 1831 Greece KM#12 Copper Io\u00e1nnis Kapod\u00edstrias Gr\u00e8ce \u0395\u03bb\u03bb\u03ac\u03b4\u03b1"},"content":{"rendered":"<p><font size=\"4\" face=\"Arial\">10 lepta 1831 Greece, KM#12<br \/><\/font><\/p>\n<div style=\"\"><font size=\"4\" face=\"Arial\"><br \/><\/font><\/div>\n<div style=\"\"><font size=\"4\" face=\"Arial\">______________________________<\/font><\/div>","protected":false},"excerpt":{"rendered":"<p>10 lepta 1831 Greece, KM#12 ______________________________<\/p>","protected":false},"featured_media":43600,"template":"","meta":{"_acf_changed":false},"product_brand":[],"product_cat":[474],"product_tag":[],"class_list":{"0":"post-43599","1":"product","2":"type-product","3":"status-publish","4":"has-post-thumbnail","6":"product_cat-world-coins","7":"pa_certification-uncertified","8":"pa_country-region-of-manufacture-greece","9":"pif-has-gallery","11":"first","12":"outofstock","13":"taxable","14":"shipping-taxable","15":"purchasable","16":"product-type-simple"},"acf":[],"_links":{"self":[{"href":"https:\/\/jetonscanada.com\/fr\/wp-json\/wp\/v2\/product\/43599","targetHints":{"allow":["GET"]}}],"collection":[{"href":"https:\/\/jetonscanada.com\/fr\/wp-json\/wp\/v2\/product"}],"about":[{"href":"https:\/\/jetonscanada.com\/fr\/wp-json\/wp\/v2\/types\/product"}],"wp:featuredmedia":[{"embeddable":true,"href":"https:\/\/jetonscanada.com\/fr\/wp-json\/wp\/v2\/media\/43600"}],"wp:attachment":[{"href":"https:\/\/jetonscanada.com\/fr\/wp-json\/wp\/v2\/media?parent=43599"}],"wp:term":[{"taxonomy":"product_brand","embeddable":true,"href":"https:\/\/jetonscanada.com\/fr\/wp-json\/wp\/v2\/product_brand?post=43599"},{"taxonomy":"product_cat","embeddable":true,"href":"https:\/\/jetonscanada.com\/fr\/wp-json\/wp\/v2\/product_cat?post=43599"},{"taxonomy":"product_tag","embeddable":true,"href":"https:\/\/jetonscanada.com\/fr\/wp-json\/wp\/v2\/product_tag?post=43599"}],"curies":[{"name":"wp","href":"https:\/\/api.w.org\/{rel}","templated":true}]}}