{"id":40371,"date":"2022-10-04T20:22:04","date_gmt":"2022-10-05T00:22:04","guid":{"rendered":"https:\/\/jetonscanada.com\/fr\/product\/canadian-colonial-tokens-11th-ed-book-charlton-standard-catalogue-numbered\/"},"modified":"2022-10-05T15:44:02","modified_gmt":"2022-10-05T19:44:02","slug":"canadian-colonial-tokens-11th-ed-book-charlton-standard-catalogue-numbered","status":"publish","type":"product","link":"https:\/\/jetonscanada.com\/fr\/product\/canadian-colonial-tokens-11th-ed-book-charlton-standard-catalogue-numbered\/","title":{"rendered":"Canadian Colonial Tokens 11th Ed. Book Charlton Standard Catalogue Numbered"},"content":{"rendered":"<p><span style=\"font-family: Arial; font-size: large;\">Book: A Charlton Standard Catalogue, Canadian Colonial Tokens, Eleventh Edition<\/span><\/p>\n<div>\n<div><span style=\"font-family: Arial; font-size: large;\">Editor: Cl\u00e9ment Chapados-Girard<\/span><\/div>\n<div><span style=\"font-family: Arial; font-size: large;\">English version ou Fran\u00e7ais<\/span><\/div>\n<div><span style=\"font-family: Arial; font-size: large;\">Brand new. 248 pages.<\/span><\/div>\n<div><span style=\"font-family: Arial; font-size: large;\">\u00a0<\/span><\/div>\n<div><span style=\"font-family: Arial; font-size: large;\">The copy you will buy from this listing is signed and numbered from the editor. 15 books will be numbered only. Starting from #1 up to #15. First one to sell will be #1, then #2, etc&#8230; After the purchase, make sure you tell us what language you want, by default it will be in English. Dites-nous-le si vous le voulez en fran\u00e7ais, \u00e7a sera arrang\u00e9.<\/span><\/div>\n<div><\/div>\n<div><span style=\"font-family: Arial; font-size: large;\">\u00a0<\/span><\/div>\n<div><span style=\"font-family: Arial; font-size: large;\">Reworked edition. Prices revised once more. Hundreds of pictures added. Lots of errors corrected.<\/span><\/div>\n<div><span style=\"font-family: Arial; font-size: large;\">Many new varieties added. Including the Tiffin done as Courteau did it. Once more an edition not to miss.<\/span><\/div>\n<div><span style=\"font-family: Arial; font-size: large;\">\u00a0<\/span><\/div>\n<div><strong><span style=\"font-family: Arial; font-size: large;\">======&gt;If you buy a token or tokens and the total of the invoice is above 150$ before taxes and that you have it mailed to Canada or the USA, a 20$ will be refunded.<\/span><\/strong><\/div>\n<div><span style=\"font-family: Arial; font-size: large;\">\u00a0<\/span><\/div>\n<div><span style=\"font-family: Arial; font-size: large;\">Contact us for shipping outside Canada and the USA. We&#8217;ll quote you a price once we know the destination.<\/span><\/div>\n<div><span style=\"font-family: Arial; font-size: large;\">\u00a0<\/span><\/div>\n<div>&#8212;&#8212;&#8212;&#8211;<\/div>\n<div><span style=\"font-family: Arial; font-size: large;\">Official text from this edition taken directly from the Charlton Press:<\/span><\/div>\n<div><span style=\"font-family: Arial; font-size: large;\">\u00a0<\/span><\/div>\n<div>\n<div style=\"box-sizing: border-box; color: #242424;\"><span style=\"font-family: Arial; font-size: large;\">&#8220;The Standard&#8221; A Reference For All Canadian Colonial Tokens.<br style=\"box-sizing: border-box;\" \/><br style=\"box-sizing: border-box;\" \/><\/span><\/div>\n<div style=\"box-sizing: border-box; color: #242424;\"><\/div>\n<div style=\"box-sizing: border-box; color: #242424;\"><span style=\"font-family: Arial; font-size: large;\">In the 11th edition of the Charlton Standard Catalogue, Canadian Colonial Tokens, you&#8217;ll observe the effort made to continue our work from the previous edition. Nearly 200 pictures were added or improved. We followed on our previous simplification of the reference numbers to keep only the most relevant ones. Many hundreds of minor issues were also fixed.<br style=\"box-sizing: border-box;\" \/><br style=\"box-sizing: border-box;\" \/>Again, we were lucky to see another major collection hit the market. This time around, it was the Donald G. Patrick Collection, offered in two different sales in spring 2021. A U.S-based collector, Patrick had an impressive number of rarities. Many of those didn&#8217;t see other hands than his for half a century in some cases. His Blacksmith tokens were particularly impressive and proved very helpful in showing the state of the market last year. We noted lots of realized prices and improved some images because of their resurgence through the Patrick Collection.<br style=\"box-sizing: border-box;\" \/><br style=\"box-sizing: border-box;\" \/>For the previous edition, we added the Bust &amp; Harp series (as early Canadian numismatist Eugene Courteau did it last century). This time, we&#8217;ve added the Tiffin series. We used the LC-48 as a start and from there added Courteau&#8217;s number after it, so the new LC-48-1 &#8211; previously amalgamated with the LC-48-2, LC-48-3 and LC-48-4 into LC-48C2 &#8211; is now listed on its own.<br style=\"box-sizing: border-box;\" \/><br style=\"box-sizing: border-box;\" \/>We also added some extremely rare varieties and noted others so collectors are aware of their existence despite the high difficulty of acquiring them (or even knowing the whereabouts of one example).<br style=\"box-sizing: border-box;\" \/><br style=\"box-sizing: border-box;\" \/>In the past few years, Canadian colonial tokens have not fallen behind as strong prices continue to be had and more collectors join the fun or come back to the hobby.&#8221;<\/span><\/div>\n<\/div>\n<div><span style=\"font-family: Arial; font-size: large;\">\u00a0<\/span><\/div>\n<\/div>\n<div><span style=\"font-family: Arial; font-size: large;\">______________________________<\/span><\/div>","protected":false},"excerpt":{"rendered":"<p>Book: A Charlton Standard Catalogue, Canadian Colonial Tokens, Eleventh Edition Editor: Cl\u00e9ment Chapados-Girard English version ou Fran\u00e7ais Brand new. 248 pages. \u00a0 The copy you will buy from this listing is signed and numbered from the editor. 15 books will be numbered only. Starting from #1 up to #15. First one to sell will be [&hellip;]<\/p>\n","protected":false},"featured_media":40372,"template":"","meta":{"_acf_changed":false},"product_brand":[],"product_cat":[445],"product_tag":[],"class_list":{"0":"post-40371","1":"product","2":"type-product","3":"status-publish","4":"has-post-thumbnail","6":"product_cat-other","7":"pa_country-region-of-manufacture-canada","8":"pa_modified-item-no","9":"pif-has-gallery","11":"first","12":"outofstock","13":"taxable","14":"shipping-taxable","15":"purchasable","16":"product-type-simple"},"acf":[],"_links":{"self":[{"href":"https:\/\/jetonscanada.com\/fr\/wp-json\/wp\/v2\/product\/40371","targetHints":{"allow":["GET"]}}],"collection":[{"href":"https:\/\/jetonscanada.com\/fr\/wp-json\/wp\/v2\/product"}],"about":[{"href":"https:\/\/jetonscanada.com\/fr\/wp-json\/wp\/v2\/types\/product"}],"wp:featuredmedia":[{"embeddable":true,"href":"https:\/\/jetonscanada.com\/fr\/wp-json\/wp\/v2\/media\/40372"}],"wp:attachment":[{"href":"https:\/\/jetonscanada.com\/fr\/wp-json\/wp\/v2\/media?parent=40371"}],"wp:term":[{"taxonomy":"product_brand","embeddable":true,"href":"https:\/\/jetonscanada.com\/fr\/wp-json\/wp\/v2\/product_brand?post=40371"},{"taxonomy":"product_cat","embeddable":true,"href":"https:\/\/jetonscanada.com\/fr\/wp-json\/wp\/v2\/product_cat?post=40371"},{"taxonomy":"product_tag","embeddable":true,"href":"https:\/\/jetonscanada.com\/fr\/wp-json\/wp\/v2\/product_tag?post=40371"}],"curies":[{"name":"wp","href":"https:\/\/api.w.org\/{rel}","templated":true}]}}