{"id":40368,"date":"2022-10-04T20:21:56","date_gmt":"2022-10-05T00:21:56","guid":{"rendered":"https:\/\/jetonscanada.com\/fr\/product\/jetons-coloniaux-canadiens-11e-ed-livre-catalogue-charlton-standard-francais\/"},"modified":"2022-11-27T10:26:00","modified_gmt":"2022-11-27T15:26:00","slug":"jetons-coloniaux-canadiens-11e-ed-livre-catalogue-charlton-standard-francais","status":"publish","type":"product","link":"https:\/\/jetonscanada.com\/fr\/product\/jetons-coloniaux-canadiens-11e-ed-livre-catalogue-charlton-standard-francais\/","title":{"rendered":"Jetons Coloniaux Canadiens 11e Ed. Livre Catalogue Charlton Standard Fran\u00e7ais"},"content":{"rendered":"<p><span style=\"font-family: Arial; font-size: large;\">Livre: Un Catalogue Charlton Standard, Jetons Coloniaux Canadiens, Onzi\u00e8me \u00c9dition<\/span><\/p>\n<div><span style=\"font-family: Arial; font-size: large;\">R\u00e9dacteur: Cl\u00e9ment Chapados-Girard<\/span><\/div>\n<div><span style=\"font-family: Arial; font-size: large;\">Version fran\u00e7aise<\/span><\/div>\n<div><span style=\"font-family: Arial; font-size: large;\">Neuf.\u00a0<\/span><\/div>\n<div><span style=\"font-family: Arial; font-size: large;\">248 pages.<\/span><\/div>\n<div><span style=\"font-family: Arial; font-size: large;\">\u00a0<\/span><\/div>\n<div><span style=\"font-family: Arial; font-size: large;\">\u00c9dition tr\u00e8s retravaill\u00e9e. Des centaines de photos rajout\u00e9es. Beaucoup d&#8217;erreurs corrig\u00e9es.<\/span><\/div>\n<div><span style=\"font-family: Arial; font-size: large;\">Plusieurs nouvelles vari\u00e9t\u00e9s ont \u00e9t\u00e9 rajout\u00e9es, dont la section des Tiffins(selon Courteau). Encore une \u00e9dition \u00e0 ne pas manquer.<\/span><\/div>\n<div><\/div>\n<div><span style=\"font-family: Arial; font-size: large;\">\u00a0<\/span><\/div>\n<div><span style=\"font-family: Arial; font-size: large;\"><strong>======&gt;Si vous achetez un jeton ou des jetons et que le total d\u00e9passe 150$ avant les taxes et que vos achats seront envoy\u00e9s \u00e0 une adresse au Canada ou aux \u00c9UA, 20$ seront rembours\u00e9s.<\/strong><\/span><\/div>\n<div><span style=\"font-family: Arial; font-size: large;\">\u00a0<\/span><\/div>\n<div><\/div>\n<div><span style=\"font-family: Arial; font-size: large;\">Contactez nous pour la livraison hors Canada et hors \u00c9UA. Nous vous laisserons savoir le prix une fois la destination connue.<\/span><\/div>\n<div><\/div>\n<div><span style=\"font-family: Arial; font-size: large;\">&#8212;&#8212;&#8212;&#8211;<\/span><\/div>\n<div><span style=\"font-family: Arial; font-size: large;\">Texte officiel de cette \u00e9dition pris directement de Charlton Press:\u00a0<\/span><\/div>\n<div><span style=\"font-family: Arial; font-size: large;\">\u00a0<\/span><\/div>\n<div>\n<div style=\"box-sizing: border-box; color: #242424;\"><span style=\"font-family: Arial; font-size: large;\">Le standard de r\u00e9f\u00e9rence pour tous les jetons coloniaux canadiens<br style=\"box-sizing: border-box;\" \/><br style=\"box-sizing: border-box;\" \/><\/span><\/div>\n<div style=\"box-sizing: border-box; color: #242424;\"><span style=\"font-family: Arial; font-size: large;\">L&#8217;effort fait dans l&#8217;\u00e9dition pr\u00e9c\u00e9dente pour am\u00e9liorer ce catalogue se poursuit dans cette 11e \u00e9dition. Pr\u00e8s de 200 photos ont \u00e9t\u00e9 ajout\u00e9es ou am\u00e9lior\u00e9es. Plusieurs centaines de probl\u00e8mes mineurs ont \u00e9t\u00e9 corrig\u00e9s, et nous avons poursuivi la simplification des num\u00e9ros de r\u00e9f\u00e9rence.<br style=\"box-sizing: border-box;\" \/><br style=\"box-sizing: border-box;\" \/>La mise aux ench\u00e8res, dans deux ventes diff\u00e9rentes au printemps 2021, de la collection Donald G. Partrick nous a permis de voir l&#8217;\u00e9tat du march\u00e9 des jetons colo niaux. Collectionneur \u00e9tats-unien, Partrick poss\u00e9dait, depuis pr\u00e8s d&#8217;un demi-si\u00e8cle, un grand nombre de jetons rares. La collection de jetons de forgeron \u00e9tait particuli\u00e8rement impressionnante. Ces ventes aux ench\u00e8res nous ont permis d&#8217;am\u00e9liorer certaines photos. Nous avons \u00e9galement ajout\u00e9 de nombreuses annotations particuli\u00e8rement en ce qui concerne les prix r\u00e9alis\u00e9s.<br style=\"box-sizing: border-box;\" \/><br style=\"box-sizing: border-box;\" \/>Dans l&#8217;\u00e9dition pr\u00e9c\u00e9dente, nous avons peaufin\u00e9 la section sur les jetons du type \u00ab buste et harpe \u00bb. Dans cette \u00e9dition, nous avons peaufin\u00e9 la section sur les jetons du type \u00ab Tiffin \u00bb.<br style=\"box-sizing: border-box;\" \/><br style=\"box-sizing: border-box;\" \/>Dans celle-ci, nous avons utilis\u00e9 le LC-48 comme point de d\u00e9part et, \u00e0 partir de l\u00e0, nous avons ajout\u00e9 le num\u00e9ro de Courteau apr\u00e8s lui, de sorte que le nouveau LC-48-1, pr\u00e9c\u00e9demment amalgam\u00e9 avec les LC-48-2, LC-48-3 et LC-48-4 dans le LC-48C2, est maintenant r\u00e9pertori\u00e9 seul.<br style=\"box-sizing: border-box;\" \/><br style=\"box-sizing: border-box;\" \/>Nous avons \u00e9galement ajout\u00e9 quelques vari\u00e9t\u00e9s extr\u00eamement rares et en avons not\u00e9 d&#8217;autres afin que les collectionneurs soient conscients de leur existence m\u00eame s&#8217;ils sont difficiles \u00e0 acqu\u00e9rir (ou m\u00eame de savoir o\u00f9 se trouve un exemplaire).<\/span><\/div>\n<\/div>\n<div><span style=\"font-family: Arial; font-size: large;\">\u00a0<\/span><\/div>\n<div><span style=\"font-family: Arial; font-size: large;\">______________________________<\/span><\/div>","protected":false},"excerpt":{"rendered":"<p>Livre: Un Catalogue Charlton Standard, Jetons Coloniaux Canadiens, Onzi\u00e8me \u00c9dition R\u00e9dacteur: Cl\u00e9ment Chapados-Girard Version fran\u00e7aise Neuf.\u00a0 248 pages. \u00a0 \u00c9dition tr\u00e8s retravaill\u00e9e. Des centaines de photos rajout\u00e9es. Beaucoup d&#8217;erreurs corrig\u00e9es. Plusieurs nouvelles vari\u00e9t\u00e9s ont \u00e9t\u00e9 rajout\u00e9es, dont la section des Tiffins(selon Courteau). Encore une \u00e9dition \u00e0 ne pas manquer. \u00a0 ======&gt;Si vous achetez un jeton [&hellip;]<\/p>\n","protected":false},"featured_media":40369,"template":"","meta":{"_acf_changed":false},"product_brand":[],"product_cat":[445],"product_tag":[],"class_list":{"0":"post-40368","1":"product","2":"type-product","3":"status-publish","4":"has-post-thumbnail","6":"product_cat-other","7":"pa_country-region-of-manufacture-canada","8":"pa_modified-item-no","9":"pif-has-gallery","11":"first","12":"instock","13":"taxable","14":"shipping-taxable","15":"purchasable","16":"product-type-simple"},"acf":[],"_links":{"self":[{"href":"https:\/\/jetonscanada.com\/fr\/wp-json\/wp\/v2\/product\/40368","targetHints":{"allow":["GET"]}}],"collection":[{"href":"https:\/\/jetonscanada.com\/fr\/wp-json\/wp\/v2\/product"}],"about":[{"href":"https:\/\/jetonscanada.com\/fr\/wp-json\/wp\/v2\/types\/product"}],"wp:featuredmedia":[{"embeddable":true,"href":"https:\/\/jetonscanada.com\/fr\/wp-json\/wp\/v2\/media\/40369"}],"wp:attachment":[{"href":"https:\/\/jetonscanada.com\/fr\/wp-json\/wp\/v2\/media?parent=40368"}],"wp:term":[{"taxonomy":"product_brand","embeddable":true,"href":"https:\/\/jetonscanada.com\/fr\/wp-json\/wp\/v2\/product_brand?post=40368"},{"taxonomy":"product_cat","embeddable":true,"href":"https:\/\/jetonscanada.com\/fr\/wp-json\/wp\/v2\/product_cat?post=40368"},{"taxonomy":"product_tag","embeddable":true,"href":"https:\/\/jetonscanada.com\/fr\/wp-json\/wp\/v2\/product_tag?post=40368"}],"curies":[{"name":"wp","href":"https:\/\/api.w.org\/{rel}","templated":true}]}}