{"id":39741,"date":"2022-08-24T09:57:43","date_gmt":"2022-08-24T13:57:43","guid":{"rendered":"https:\/\/jetonscanada.com\/fr\/product\/jetons-coloniaux-canadiens-10e-ed-livre-catalogue-charlton-standard-francais-2\/"},"modified":"2022-09-22T23:11:42","modified_gmt":"2022-09-23T03:11:42","slug":"jetons-coloniaux-canadiens-10e-ed-livre-catalogue-charlton-standard-francais-2","status":"publish","type":"product","link":"https:\/\/jetonscanada.com\/fr\/product\/jetons-coloniaux-canadiens-10e-ed-livre-catalogue-charlton-standard-francais-2\/","title":{"rendered":"Jetons Coloniaux Canadiens 10e Ed. Livre Catalogue Charlton Standard Fran\u00e7ais"},"content":{"rendered":"<p>&nbsp;<\/p>\n<div style=\"font-family: Arial;\"><\/div>\n<div style=\"font-family: Arial;\">\n<div>Livre: Un Catalogue Charlton Standard, Jetons Coloniaux Canadiens<\/div>\n<div>Nouveau r\u00e9dacteur: Cl\u00e9ment Chapados-Girard, Dixi\u00e8me \u00c9dition<\/div>\n<div>Version fran\u00e7aise<\/div>\n<div>Neuf. 250 pages.<\/div>\n<div><\/div>\n<div>\u00c9dition grandement retravaill\u00e9e. Tous les prix ont \u00e9t\u00e9 r\u00e9vis\u00e9s. Des centaines de photos rajout\u00e9es. Beaucoup d&#8217;erreurs corrig\u00e9es.<\/div>\n<div>Plusieurs nouvelles vari\u00e9t\u00e9s ont \u00e9t\u00e9 rajout\u00e9es. Une \u00e9dition \u00e0 ne pas manquer.<\/div>\n<div><\/div>\n<\/div>\n<div style=\"font-family: Arial; font-size: large;\">______________________________<\/div>\n<p>&nbsp;<\/p>","protected":false},"excerpt":{"rendered":"<p>&nbsp; Livre: Un Catalogue Charlton Standard, Jetons Coloniaux Canadiens Nouveau r\u00e9dacteur: Cl\u00e9ment Chapados-Girard, Dixi\u00e8me \u00c9dition Version fran\u00e7aise Neuf. 250 pages. \u00c9dition grandement retravaill\u00e9e. Tous les prix ont \u00e9t\u00e9 r\u00e9vis\u00e9s. Des centaines de photos rajout\u00e9es. Beaucoup d&#8217;erreurs corrig\u00e9es. Plusieurs nouvelles vari\u00e9t\u00e9s ont \u00e9t\u00e9 rajout\u00e9es. Une \u00e9dition \u00e0 ne pas manquer. ______________________________ &nbsp;<\/p>","protected":false},"featured_media":39742,"template":"","meta":{"_acf_changed":false},"product_brand":[],"product_cat":[445],"product_tag":[],"class_list":{"0":"post-39741","1":"product","2":"type-product","3":"status-publish","4":"has-post-thumbnail","6":"product_cat-other","7":"pa_country-region-of-manufacture-canada","8":"pa_modified-item-no","10":"first","11":"outofstock","12":"taxable","13":"shipping-taxable","14":"purchasable","15":"product-type-simple"},"acf":[],"_links":{"self":[{"href":"https:\/\/jetonscanada.com\/fr\/wp-json\/wp\/v2\/product\/39741","targetHints":{"allow":["GET"]}}],"collection":[{"href":"https:\/\/jetonscanada.com\/fr\/wp-json\/wp\/v2\/product"}],"about":[{"href":"https:\/\/jetonscanada.com\/fr\/wp-json\/wp\/v2\/types\/product"}],"wp:featuredmedia":[{"embeddable":true,"href":"https:\/\/jetonscanada.com\/fr\/wp-json\/wp\/v2\/media\/39742"}],"wp:attachment":[{"href":"https:\/\/jetonscanada.com\/fr\/wp-json\/wp\/v2\/media?parent=39741"}],"wp:term":[{"taxonomy":"product_brand","embeddable":true,"href":"https:\/\/jetonscanada.com\/fr\/wp-json\/wp\/v2\/product_brand?post=39741"},{"taxonomy":"product_cat","embeddable":true,"href":"https:\/\/jetonscanada.com\/fr\/wp-json\/wp\/v2\/product_cat?post=39741"},{"taxonomy":"product_tag","embeddable":true,"href":"https:\/\/jetonscanada.com\/fr\/wp-json\/wp\/v2\/product_tag?post=39741"}],"curies":[{"name":"wp","href":"https:\/\/api.w.org\/{rel}","templated":true}]}}