{"id":36518,"date":"2021-11-18T21:47:22","date_gmt":"2021-11-19T02:47:22","guid":{"rendered":"https:\/\/jetonscanada.com\/en\/product\/kebeca-liberata-1690-medal-orignal-ngc-ms-63-bronze-quebec-preserved-new-france\/"},"modified":"2021-11-19T08:42:17","modified_gmt":"2021-11-19T13:42:17","slug":"kebeca-liberata-1690-medal-orignal-ngc-ms-63-bronze-quebec-preserved-new-france","status":"publish","type":"product","link":"https:\/\/jetonscanada.com\/fr\/product\/kebeca-liberata-1690-medal-orignal-ngc-ms-63-bronze-quebec-preserved-new-france\/","title":{"rendered":"Kebeca Liberata 1690 medal Orignal NGC MS-63 Bronze Quebec Preserved New France"},"content":{"rendered":"<p><font rwr=\"1\" style=\"font-family: Arial; font-size: 14pt;\"><font rwr=\"1\" style=\"\"><\/font><\/font><\/p>\n<div style=\"\"><font rwr=\"1\" style=\"\"><font rwr=\"1\" style=\"\" size=\"4\" face=\"Arial\"><\/font><\/font><\/p>\n<div style=\"\"><font rwr=\"1\" style=\"\"><font rwr=\"1\" style=\"\" size=\"4\" face=\"Arial\"><\/p>\n<div style=\"\">\n<div style=\"font-size: 14pt;\"><font rwr=\"1\">Original medal of Kebeca Liberata 1690, de J. Mauger, for the New France<\/font><\/div>\n<div style=\"font-size: 14pt;\"><font rwr=\"1\">Breton 34, Leroux 306, Lecompte 2<\/p>\n<div style=\"font-size: 14pt;\">\n<div style=\"font-size: large;\">Obv.:&nbsp;LUDOVICUS MAGNUS REX CHRISTIANISSIMUS, Bust of Louis XIV right, signature I. MAVGER. F. below.<\/div>\n<div style=\"font-size: large;\">Rev.:&nbsp;FRANCIA IN NOVO ORBE VICTRIX, France seated on a trophy of arms, beaver on right, river god below right; in exergue: KEBECA LIBERATA \/ M DC XC (1690).<\/div>\n<\/div>\n<p>Bronze<\/font><\/div>\n<div style=\"font-size: 14pt;\"><font rwr=\"1\">Graded by NGC MS-63 BN (Brown).<\/font><\/p>\n<div><font rwr=\"1\"><\/p>\n<div><\/div>\n<div>M\u00e9daille originale de 1690 de&nbsp;<span style=\"font-size: 18.6667px;\">Kebeca Liberata&nbsp;<\/span><span style=\"font-size: 18.6667px;\">de J. Mauger, pour la Nouvelle-France<\/span><\/div>\n<p>Breton 34, Leroux 306, Lecompte 2<\/p>\n<div>\n<div>Avers:&nbsp;LUDOVICUS MAGNUS REX CHRISTIANISSIMUS, Buste de Louis XIV vers la droite, signature de I. MAVGER. F. en-dessous.<\/div>\n<div>Revers:&nbsp;FRANCIA IN NOVO ORBE VICTRIX, France assise sur un troph\u00e9e d&#8217;armes, castor \u00e0 sa droite, dieu de la rivi\u00e8re plus bas \u00e0 droite; en exergue: KEBECA LIBERATA \/ M DC XC (1690).<\/div>\n<\/div>\n<div>Bronze<\/div>\n<div>Grad\u00e9e par NGC, MS-63 BN(Brun)<\/div>\n<p><\/font><\/p>\n<div>\n<div><font rwr=\"1\"><font rwr=\"1\"><font rwr=\"1\"><font rwr=\"1\" size=\"4\" face=\"Arial\"><br \/><\/font><\/font><\/font><\/font><\/div>\n<div><font size=\"4\" face=\"Arial\">______________________________<\/font><\/div>\n<\/div>\n<\/div>\n<\/div>\n<\/div>\n<p><\/font><\/font><\/div>\n<\/div>","protected":false},"excerpt":{"rendered":"<p>Original medal of Kebeca Liberata 1690, de J. Mauger, for the New France Breton 34, Leroux 306, Lecompte 2 Obv.:&nbsp;LUDOVICUS MAGNUS REX CHRISTIANISSIMUS, Bust of Louis XIV right, signature I. MAVGER. F. below. Rev.:&nbsp;FRANCIA IN NOVO ORBE VICTRIX, France seated on a trophy of arms, beaver on right, river god below right; in exergue: KEBECA [&hellip;]<\/p>\n","protected":false},"featured_media":36519,"template":"","meta":{"_acf_changed":false},"product_brand":[],"product_cat":[445],"product_tag":[],"class_list":{"0":"post-36518","1":"product","2":"type-product","3":"status-publish","4":"has-post-thumbnail","6":"product_cat-other","7":"pa_composition-bronze","8":"pa_country-region-of-manufacture-france","9":"pa_type-medal","10":"pif-has-gallery","12":"first","13":"outofstock","14":"taxable","15":"shipping-taxable","16":"purchasable","17":"product-type-simple"},"acf":[],"_links":{"self":[{"href":"https:\/\/jetonscanada.com\/fr\/wp-json\/wp\/v2\/product\/36518","targetHints":{"allow":["GET"]}}],"collection":[{"href":"https:\/\/jetonscanada.com\/fr\/wp-json\/wp\/v2\/product"}],"about":[{"href":"https:\/\/jetonscanada.com\/fr\/wp-json\/wp\/v2\/types\/product"}],"wp:featuredmedia":[{"embeddable":true,"href":"https:\/\/jetonscanada.com\/fr\/wp-json\/wp\/v2\/media\/36519"}],"wp:attachment":[{"href":"https:\/\/jetonscanada.com\/fr\/wp-json\/wp\/v2\/media?parent=36518"}],"wp:term":[{"taxonomy":"product_brand","embeddable":true,"href":"https:\/\/jetonscanada.com\/fr\/wp-json\/wp\/v2\/product_brand?post=36518"},{"taxonomy":"product_cat","embeddable":true,"href":"https:\/\/jetonscanada.com\/fr\/wp-json\/wp\/v2\/product_cat?post=36518"},{"taxonomy":"product_tag","embeddable":true,"href":"https:\/\/jetonscanada.com\/fr\/wp-json\/wp\/v2\/product_tag?post=36518"}],"curies":[{"name":"wp","href":"https:\/\/api.w.org\/{rel}","templated":true}]}}