{"id":32391,"date":"2021-05-31T03:27:03","date_gmt":"2021-05-31T03:27:03","guid":{"rendered":"https:\/\/jetonscanada.com\/fr\/product\/book-catalogue-numismatique-dedesse-en-mesopotamie-ernest-babelon-2\/"},"modified":"2021-05-31T02:29:16","modified_gmt":"2021-05-31T06:29:16","slug":"book-catalogue-numismatique-dedesse-en-mesopotamie-ernest-babelon-2","status":"publish","type":"product","link":"https:\/\/jetonscanada.com\/fr\/product\/book-catalogue-numismatique-dedesse-en-mesopotamie-ernest-babelon-2\/","title":{"rendered":"Book \/ Catalogue : Numismatique d&#039;\u00c9desse en M\u00e9sopotamie Ernest Babelon"},"content":{"rendered":"<p><font rwr=\"1\"><\/p>\n<div style=\"font-size: large; font-family: Arial;\">\n<table align=\"center\" style=\"font-family: &quot;Times New Roman&quot;; border-spacing: 0px; width: 1259px;\">\n<tbody><\/tbody>\n<\/table>\n<\/div>\n<div style=\"font-size: large; font-family: Arial;\">Book :&nbsp;Numismatique d&#8217;\u00c9desse en M\u00e9sopotamie d&#8217;apr\u00e8s Ernest Babelon<\/div>\n<div style=\"font-size: large; font-family: Arial;\">In good shape. In French.<\/div>\n<div style=\"font-size: large; font-family: Arial;\"><\/div>\n<div style=\"font-size: large; font-family: Arial;\"><span style=\"font-size: small;\">__________________________________________________<\/span><\/div>\n<p><\/font><\/p>","protected":false},"excerpt":{"rendered":"<p>Book :&nbsp;Numismatique d&#8217;\u00c9desse en M\u00e9sopotamie d&#8217;apr\u00e8s Ernest Babelon In good shape. In French. __________________________________________________<\/p>","protected":false},"featured_media":32392,"template":"","meta":{"_acf_changed":false},"product_brand":[],"product_cat":[445],"product_tag":[],"class_list":{"0":"post-32391","1":"product","2":"type-product","3":"status-publish","4":"has-post-thumbnail","6":"product_cat-other","7":"pif-has-gallery","9":"first","10":"outofstock","11":"taxable","12":"shipping-taxable","13":"purchasable","14":"product-type-simple"},"acf":[],"_links":{"self":[{"href":"https:\/\/jetonscanada.com\/fr\/wp-json\/wp\/v2\/product\/32391","targetHints":{"allow":["GET"]}}],"collection":[{"href":"https:\/\/jetonscanada.com\/fr\/wp-json\/wp\/v2\/product"}],"about":[{"href":"https:\/\/jetonscanada.com\/fr\/wp-json\/wp\/v2\/types\/product"}],"wp:featuredmedia":[{"embeddable":true,"href":"https:\/\/jetonscanada.com\/fr\/wp-json\/wp\/v2\/media\/32392"}],"wp:attachment":[{"href":"https:\/\/jetonscanada.com\/fr\/wp-json\/wp\/v2\/media?parent=32391"}],"wp:term":[{"taxonomy":"product_brand","embeddable":true,"href":"https:\/\/jetonscanada.com\/fr\/wp-json\/wp\/v2\/product_brand?post=32391"},{"taxonomy":"product_cat","embeddable":true,"href":"https:\/\/jetonscanada.com\/fr\/wp-json\/wp\/v2\/product_cat?post=32391"},{"taxonomy":"product_tag","embeddable":true,"href":"https:\/\/jetonscanada.com\/fr\/wp-json\/wp\/v2\/product_tag?post=32391"}],"curies":[{"name":"wp","href":"https:\/\/api.w.org\/{rel}","templated":true}]}}