{"id":23975,"date":"2017-02-01T04:03:44","date_gmt":"2017-02-01T04:03:44","guid":{"rendered":"https:\/\/jetonscanada.com\/en\/product\/book-catalogue-numismatique-dedesse-en-mesopotamie-ernest-babelon\/"},"modified":"2017-02-01T04:03:44","modified_gmt":"2017-02-01T04:03:44","slug":"book-catalogue-numismatique-dedesse-en-mesopotamie-ernest-babelon","status":"publish","type":"product","link":"https:\/\/jetonscanada.com\/fr\/product\/book-catalogue-numismatique-dedesse-en-mesopotamie-ernest-babelon\/","title":{"rendered":"Book \/ Catalogue : Numismatique d&#039;\u00c9desse en M\u00e9sopotamie Ernest Babelon"},"content":{"rendered":"<p><font rwr=\"1\"><\/p>\n<div style=\"font-size: large; font-family: Arial;\">\n<table align=\"center\" style=\"font-family: &quot;Times New Roman&quot;; border-spacing: 0px; width: 1259px;\">\n<tbody><\/tbody>\n<\/table>\n<\/div>\n<div style=\"font-size: large; font-family: Arial;\">Book :&nbsp;Numismatique d&#8217;\u00c9desse en M\u00e9sopotamie d&#8217;apr\u00e8s Ernest Babelon<\/div>\n<div style=\"font-size: large; font-family: Arial;\">In good shape. In French.<\/div>\n<div style=\"font-size: large; font-family: Arial;\"><\/div>\n<div style=\"font-size: large; font-family: Arial;\"><span style=\"font-size: small;\"><br \/><\/span><\/div>\n<div style=\"font-size: large; font-family: Arial;\"><span style=\"font-size: small;\">Welcome to Jetons Canada.<\/span><\/div>\n<div style=\"font-size: large; font-family: Arial;\"><font face=\"Arial\" size=\"2\"><br \/><\/font><\/div>\n<div style=\"font-size: large; font-family: Arial;\"><font face=\"Arial\" size=\"2\">Here you know what you buy.<\/font><\/div>\n<div style=\"font-size: large; font-family: Arial;\"><font face=\"Arial\" size=\"2\"><br \/><\/font><\/div>\n<div style=\"font-size: large; font-family: Arial;\"><font face=\"Arial\" size=\"2\">Pictures show the actual item you will get so make sure you take a good look.<\/font><\/div>\n<div style=\"font-size: large; font-family: Arial;\"><font face=\"Arial\" size=\"2\">We take high quality pictures and we don&#8217;t retouch them.<\/font><\/div>\n<div style=\"font-size: large; font-family: Arial;\"><font face=\"Arial\" size=\"2\"><br \/><\/font><\/div>\n<div style=\"font-size: large; font-family: Arial;\"><font face=\"Arial\" size=\"2\">If you have questions, don&#8217;t hesitate, we will happily answer you. And please ask BEFORE you buy, not after.<\/font><\/div>\n<div style=\"font-size: large; font-family: Arial;\"><font face=\"Arial\" size=\"2\"><br \/><\/font><\/div>\n<div style=\"font-size: large; font-family: Arial;\"><font face=\"Arial\" size=\"2\">We have more items, make sure you take a look.<\/font><\/div>\n<div style=\"font-size: large; font-family: Arial;\"><\/div>\n<div style=\"font-size: large; font-family: Arial;\"><b><font size=\"2\">Canadian residents will have to pay taxes.&nbsp;<\/font><\/b><span style=\"background-color: rgb(255, 255, 255); font-family: arial, verdana, helvetica; font-size: small;\">No tax is charged on out of country purchases.<\/span><\/div>\n<div style=\"font-size: large; font-family: Arial;\"><span style=\"font-size: small;\">All customs, duties, and processing fees for international orders are the responsibility of the recipient.<\/span><\/div>\n<div style=\"font-size: large; font-family: Arial;\"><span style=\"font-size: small;\"><b><br \/><\/b><\/span><\/div>\n<div style=\"font-size: large; font-family: Arial;\"><font face=\"Arial\" size=\"2\">Thank you! Merci!<\/font><\/div>\n<div style=\"font-size: large; font-family: Arial;\"><font face=\"Arial\" color=\"#00429a\"><i><br \/><\/i><\/font><\/div>\n<div style=\"font-size: large; font-family: Arial;\"><font face=\"Arial\" color=\"#00429a\"><i><b>Nous parlons fran\u00e7ais aussi alors n&#8217;h\u00e9sitez pas.<\/b><\/i><\/font><\/div>\n<p><\/font><\/p>","protected":false},"excerpt":{"rendered":"<p>Book :&nbsp;Numismatique d&#8217;\u00c9desse en M\u00e9sopotamie d&#8217;apr\u00e8s Ernest Babelon In good shape. In French. Welcome to Jetons Canada. Here you know what you buy. Pictures show the actual item you will get so make sure you take a good look. We take high quality pictures and we don&#8217;t retouch them. If you have questions, don&#8217;t hesitate, [&hellip;]<\/p>\n","protected":false},"featured_media":23976,"template":"","meta":{"_acf_changed":false},"product_brand":[],"product_cat":[445],"product_tag":[],"class_list":{"0":"post-23975","1":"product","2":"type-product","3":"status-publish","4":"has-post-thumbnail","6":"product_cat-other","7":"pif-has-gallery","9":"first","10":"outofstock","11":"taxable","12":"shipping-taxable","13":"purchasable","14":"product-type-simple"},"acf":[],"_links":{"self":[{"href":"https:\/\/jetonscanada.com\/fr\/wp-json\/wp\/v2\/product\/23975","targetHints":{"allow":["GET"]}}],"collection":[{"href":"https:\/\/jetonscanada.com\/fr\/wp-json\/wp\/v2\/product"}],"about":[{"href":"https:\/\/jetonscanada.com\/fr\/wp-json\/wp\/v2\/types\/product"}],"wp:featuredmedia":[{"embeddable":true,"href":"https:\/\/jetonscanada.com\/fr\/wp-json\/wp\/v2\/media\/23976"}],"wp:attachment":[{"href":"https:\/\/jetonscanada.com\/fr\/wp-json\/wp\/v2\/media?parent=23975"}],"wp:term":[{"taxonomy":"product_brand","embeddable":true,"href":"https:\/\/jetonscanada.com\/fr\/wp-json\/wp\/v2\/product_brand?post=23975"},{"taxonomy":"product_cat","embeddable":true,"href":"https:\/\/jetonscanada.com\/fr\/wp-json\/wp\/v2\/product_cat?post=23975"},{"taxonomy":"product_tag","embeddable":true,"href":"https:\/\/jetonscanada.com\/fr\/wp-json\/wp\/v2\/product_tag?post=23975"}],"curies":[{"name":"wp","href":"https:\/\/api.w.org\/{rel}","templated":true}]}}