{"id":2,"date":"2020-10-11T08:19:45","date_gmt":"2020-10-11T08:19:45","guid":{"rendered":"https:\/\/jetonscanada.com\/?page_id=2"},"modified":"2021-05-01T14:38:13","modified_gmt":"2021-05-01T18:38:13","slug":"termsofuse","status":"publish","type":"page","link":"https:\/\/jetonscanada.com\/fr\/termsofuse\/","title":{"rendered":"Conditions d\u2019utilisation"},"content":{"rendered":"<p>Tous les jetons, pi\u00e8ces de monnaie et billets sont garantis authentiques. Tous les articles sont soumis \u00e0 une vente pr\u00e9alable. Toutes les informations que vous nous fournissez, y compris votre nom, adresse, num\u00e9ro de t\u00e9l\u00e9phone, courriel, informations de carte de cr\u00e9dit et autres informations personnelles,<br>doivent \u00eatre v\u00e9ridiques et exactes. Nous respectons votre vie priv\u00e9e et nous nous engageons \u00e0 prot\u00e9ger la confidentialit\u00e9 de vos informations.Cependant, dans le cas o\u00f9 nous soup\u00e7onnons une activit\u00e9 frauduleuse ou ill\u00e9gale, nous nous r\u00e9servons le droit de fournir vos informations aux forces de l&#8217;ordre.<br>Si Jetons Canada attribue un grade \u00e0 un jeton, une pi\u00e8ce de monnaie ou un billet, nous ne garantissons pas le grade qu\u2019une soci\u00e9t\u00e9 de certification ou quiconque pourrait lui attribuer ou non, qu\u2019elle soit sup\u00e9rieure ou inf\u00e9rieure, avec des probl\u00e8mes ou non. Nous faisons toujours de notre mieux pour donner le bon grade et bien d\u00e9crire l&#8217;\u00e9tat dans lequel nous pensons que le morceau se trouve.<br>De temps \u00e0 autre, Jetons Canada peut r\u00e9viser les conditions d&#8217;utilisation. Les conditions r\u00e9vis\u00e9es seront publi\u00e9es sur le site et entreront en vigueur imm\u00e9diatement. En utilisant le site apr\u00e8s que nous ayons r\u00e9vis\u00e9 les conditions d&#8217;utilisation, vous signifiez avoir accept\u00e9 les r\u00e9visions et serez li\u00e9 par les conditions d&#8217;utilisation r\u00e9vis\u00e9es.<\/p>\n\n\n\n<h2 class=\"wp-block-heading\">Paiement:<\/h2>\n\n\n\n<p>Tous les prix indiqu\u00e9s sur ce site sont en dollars canadiens. La taxe de vente s&#8217;applique \u00e0 tous les articles livr\u00e9s au Canada, la TPS \/ TVH appropri\u00e9e sera factur\u00e9e. \u00c0 tous les lots livr\u00e9s au Qu\u00e9bec, la TVQ de 9,975% sera ajout\u00e9e. Jetons Canada ne facture pas la taxe de vente pour les commandes am\u00e9ricaines ou internationales. Cependant, les commandes internationales peuvent \u00eatre soumises \u00e0 des droits et \/ ou taxes et \/ ou frais de courtage et \/ ou des frais peuvent s&#8217;appliquer \u00e0 votre destination. L&#8217;acheteur est le seul responsable du paiement de toutes les taxes, droits, frais de courtage, frais, etc.<\/p>\n\n\n\n<p>Il existe plusieurs fa\u00e7ons de payer vos achats, y compris Virement Interac (EMT). De nombreuses cartes de cr\u00e9dit sont \u00e9galement accept\u00e9es. Les paiements en esp\u00e8ces peuvent \u00e9galement \u00eatre une option, les ch\u00e8ques, les traites bancaires et les mandats sont \u00e9galement accept\u00e9s.<br><\/p>\n\n\n\n<p>Avant d&#8217;envoyer le ou les articles, la facture devra \u00eatre pay\u00e9e int\u00e9gralement. Le paiement sera attendu imm\u00e9diatement apr\u00e8s les achats. Pour les moyens de paiement plus lents, nous vous laisserons plus de temps pour que le paiement arrive. Il se peut que nous devions attendre que la p\u00e9riode de retenue des ch\u00e8ques soient termin\u00e9e avant d&#8217;exp\u00e9dier les achats.<\/p>\n\n\n\n<h2 class=\"wp-block-heading\">Politique de retour :<\/h2>\n\n\n\n<p>Retour possible durant les sept jours suivant la r\u00e9ception du morceau et ce pour quelque raison que ce soit. Nous ne remboursons pas les frais d&#8217;exp\u00e9dition d&#8217;origine.<br><\/p>\n\n\n\n<p>Les retours doivent \u00eatre dans leurs \u00e9tuis ou protecteur d&#8217;origine, inchang\u00e9s, non ouverts et sans \u00e9criture nulle part sur l&#8217;article. Les retours modifi\u00e9s entra\u00eeneront des frais de restockage de 10%. Jetons Canada se r\u00e9serve le droit de refuser la demande de retour si la pi\u00e8ce est modifi\u00e9e de quelque fa\u00e7on que ce soit.<br><\/p>\n\n\n\n<p>Une pi\u00e8ce retir\u00e9e d&#8217;un \u00e9tui de certification tel que ICCS, PCGS, NGC, ANACS, PMG, CCCS, BCS ou toute autre soci\u00e9t\u00e9 de classement ne sera pas accept\u00e9e. Un article fait r\u00e9f\u00e9rence \u00e0 une pi\u00e8ce de monnaie, un jeton, un billet de banque, un script ou un lot des \u00e9l\u00e9ments mentionn\u00e9s pr\u00e9c\u00e9demment, y compris les \u00e9tuis et les protecteurs (carton).<br><\/p>\n\n\n\n<p>Nous prendrons la responsabilit\u00e9 des articles mal attribu\u00e9s, remboursant ainsi les frais de retour. Tout lot dont l&#8217;authenticit\u00e9 est trouv\u00e9e douteuse par un expert numismatique reconnu (c&#8217;est-\u00e0-dire une maison de vente aux ench\u00e8res, un marchand de pi\u00e8ces de monnaie connu, un conservateur ou une soci\u00e9t\u00e9 de gradation reconnu) peut \u00eatre retourn\u00e9 pour un remboursement complet,et ce \u00e0 tout moment, par l&#8217;acheteur d&#8217;origine uniquement.<br><\/p>\n\n\n\n<p>Les lots avec plusieurs pi\u00e8ces sont vendus en groupe uniquement, les articles individuels ne peuvent pas \u00eatre retourn\u00e9s. Cependant, des lots complets peuvent \u00eatre retourn\u00e9s intacts si vous n&#8217;\u00eates pas globalement satisfait du lot. Les m\u00eames conditions s&#8217;appliquent pour ces lots comme indiqu\u00e9 ci-dessus.<\/p>\n\n\n\n<h2 class=\"wp-block-heading\">Livraison:<\/h2>\n\n\n\n<p>Aucun frais d&#8217;exp\u00e9dition ne s&#8217;applique aux adresses au Canada et aux \u00c9tats-Unis. Pour les autres commandes internationales, le co\u00fbt peut varier en fonction de la destination s\u00e9lectionn\u00e9e et des articles achet\u00e9s. Nous essayons toujours d&#8217;avoir des frais d&#8217;exp\u00e9dition des plus raisonnables.<br>Les commandes inf\u00e9rieures \u00e0 60 $ seront g\u00e9n\u00e9ralement envoy\u00e9es par Postes Canada sans num\u00e9ro de suivi. Au-dessus de ce montant, elles seront g\u00e9n\u00e9ralement envoy\u00e9es avec un num\u00e9ro de rep\u00e9rage.<br><\/p>\n\n\n\n<p>La plupart du temps, une option d&#8217;exp\u00e9dition peut \u00eatre am\u00e9lior\u00e9e aux frais de l&#8217;acheteur et ce sur demande. Le prix sera diff\u00e9rent du prix final montr\u00e9 sur le site et devra \u00eatre pay\u00e9 en totalit\u00e9 avant que nous vous envoyions le ou les articles. Tous les envois internationaux sont envoy\u00e9s aux risques de l&#8217;acheteur. Renseignez-vous si une assurance est disponible pour votre destination si vous le d\u00e9sirez. Le co\u00fbt de l&#8217;assurance sera ajout\u00e9 par la suite comme une autre facture. Malheureusement cette option ne sera pas disponible lors du paiement sur le site.<br><\/p>\n\n\n\n<p>Nous enverrons les articles \u00e0 l&#8217;adresse indiqu\u00e9e lors du paiement final.<\/p>","protected":false},"excerpt":{"rendered":"<p>Tous les jetons, pi\u00e8ces de monnaie et billets sont garantis authentiques. Tous les articles sont soumis \u00e0 une vente pr\u00e9alable. Toutes les informations que vous nous fournissez, y compris votre nom, adresse, num\u00e9ro de t\u00e9l\u00e9phone, courriel, informations de carte de cr\u00e9dit et autres informations personnelles,doivent \u00eatre v\u00e9ridiques et exactes. Nous respectons votre vie priv\u00e9e et [&hellip;]<\/p>\n","protected":false},"author":11,"featured_media":0,"parent":0,"menu_order":0,"comment_status":"closed","ping_status":"open","template":"template-fullwidth.php","meta":{"_acf_changed":false,"footnotes":""},"class_list":["post-2","page","type-page","status-publish","hentry"],"acf":[],"_links":{"self":[{"href":"https:\/\/jetonscanada.com\/fr\/wp-json\/wp\/v2\/pages\/2","targetHints":{"allow":["GET"]}}],"collection":[{"href":"https:\/\/jetonscanada.com\/fr\/wp-json\/wp\/v2\/pages"}],"about":[{"href":"https:\/\/jetonscanada.com\/fr\/wp-json\/wp\/v2\/types\/page"}],"author":[{"embeddable":true,"href":"https:\/\/jetonscanada.com\/fr\/wp-json\/wp\/v2\/users\/11"}],"replies":[{"embeddable":true,"href":"https:\/\/jetonscanada.com\/fr\/wp-json\/wp\/v2\/comments?post=2"}],"version-history":[{"count":0,"href":"https:\/\/jetonscanada.com\/fr\/wp-json\/wp\/v2\/pages\/2\/revisions"}],"wp:attachment":[{"href":"https:\/\/jetonscanada.com\/fr\/wp-json\/wp\/v2\/media?parent=2"}],"curies":[{"name":"wp","href":"https:\/\/api.w.org\/{rel}","templated":true}]}}