{"id":126,"date":"2020-10-11T18:29:34","date_gmt":"2020-10-11T18:29:34","guid":{"rendered":"https:\/\/jetonscanada.com\/?page_id=126"},"modified":"2022-07-09T00:03:52","modified_gmt":"2022-07-09T04:03:52","slug":"about-us","status":"publish","type":"page","link":"https:\/\/jetonscanada.com\/fr\/about-us\/","title":{"rendered":"\u00c0 notre sujet"},"content":{"rendered":"<div class=\"wp-block-cover has-custom-content-position is-position-top-left\" style=\"min-height:613px;aspect-ratio:unset;\"><span aria-hidden=\"true\" class=\"has-background-dim-0 wp-block-cover__gradient-background has-background-dim\"><\/span><img decoding=\"async\" class=\"wp-block-cover__image-background wp-image-13364\" alt=\"\" src=\"https:\/\/jetonscanada.com\/wp-content\/uploads\/2020\/11\/1.png\" data-object-fit=\"cover\"\/><div class=\"wp-block-cover__inner-container is-layout-flow wp-block-cover-is-layout-flow\">\n<p class=\"@font-face { font-family: 'Alien League'; src: url('AlienLeagueBold.woff2') format('woff2'), url('AlienLeagueBold.woff') format('woff'); font-weight: bold; font-style: normal; font-display: swap; }\" style=\"font-size:50px\"><strong><em>Notre petite histoire :<\/em><\/strong><\/p>\n\n\n\n<p class=\"has-huge-font-size\">Numismate professionnel depuis 2016, Cl\u00e9ment Chapados-Girard est \u00e0 la t\u00eate de Jetons Canada qui se sp\u00e9cialise dans le champ des jetons coloniaux canadiens. Nous sommes sur la rive sud de Qu\u00e9bec, \u00e0 L\u00e9vis plus pr\u00e9cis\u00e9ment. Nous n&#8217;avons pas de boutique physique mais vous pouvez voir Cl\u00e9ment \u00e0 plusieurs salons numismatiques, surtout pr\u00e8s de Montr\u00e9al et Toronto.<\/p>\n\n\n\n<p class=\"has-huge-font-size\">Depuis 2019, Cl\u00e9ment est le r\u00e9dacteur du livre&nbsp;Catalogue&nbsp; Charlton standard, Jetons Coloniaux Canadiens. Il est un membre \u00e0 vie de l&#8217;<a href=\"https:\/\/www.rcna.ca\/\">ARNC<\/a> et un membre du <a href=\"https:\/\/www.cand.org\/\">CAND<\/a>. Plus r\u00e9cemment, son int\u00e9r\u00eat g\u00e9n\u00e9ral pour l&#8217;Histoire nous a rapproch\u00e9 des monnaies anciennes, sp\u00e9cialement romaines ainsi que des pi\u00e8ces internationales.<\/p>\n\n\n\n<p id=\"block-0ad7dcc2-bc1b-49c2-b496-d32c357d3404\"><\/p>\n<\/div><\/div>","protected":false},"excerpt":{"rendered":"","protected":false},"author":11,"featured_media":0,"parent":0,"menu_order":0,"comment_status":"closed","ping_status":"closed","template":"template-fullwidth.php","meta":{"_acf_changed":false,"footnotes":""},"class_list":["post-126","page","type-page","status-publish","hentry"],"acf":[],"_links":{"self":[{"href":"https:\/\/jetonscanada.com\/fr\/wp-json\/wp\/v2\/pages\/126","targetHints":{"allow":["GET"]}}],"collection":[{"href":"https:\/\/jetonscanada.com\/fr\/wp-json\/wp\/v2\/pages"}],"about":[{"href":"https:\/\/jetonscanada.com\/fr\/wp-json\/wp\/v2\/types\/page"}],"author":[{"embeddable":true,"href":"https:\/\/jetonscanada.com\/fr\/wp-json\/wp\/v2\/users\/11"}],"replies":[{"embeddable":true,"href":"https:\/\/jetonscanada.com\/fr\/wp-json\/wp\/v2\/comments?post=126"}],"version-history":[{"count":0,"href":"https:\/\/jetonscanada.com\/fr\/wp-json\/wp\/v2\/pages\/126\/revisions"}],"wp:attachment":[{"href":"https:\/\/jetonscanada.com\/fr\/wp-json\/wp\/v2\/media?parent=126"}],"curies":[{"name":"wp","href":"https:\/\/api.w.org\/{rel}","templated":true}]}}