{"id":55127,"date":"2026-03-08T04:42:39","date_gmt":"2026-03-08T08:42:39","guid":{"rendered":"https:\/\/jetonscanada.com\/en\/product\/10-fen-29-1940-hua-hsing-bank-china-pcgs-ms-63-y522-copper-nickel-chine-%e4%b8%ad%e5%9b%bd\/"},"modified":"2026-03-08T04:42:50","modified_gmt":"2026-03-08T08:42:50","slug":"10-fen-29-1940-hua-hsing-bank-china-pcgs-ms-63-y522-copper-nickel-chine-%e4%b8%ad%e5%9b%bd","status":"publish","type":"product","link":"https:\/\/jetonscanada.com\/en\/product\/10-fen-29-1940-hua-hsing-bank-china-pcgs-ms-63-y522-copper-nickel-chine-%e4%b8%ad%e5%9b%bd\/","title":{"rendered":"10 fen 29 (1940) Hua Hsing Bank China PCGS MS-63 Y#522 Copper-nickel Chine \u4e2d\u56fd"},"content":{"rendered":"<div><font face=\"Arial\" size=\"4\">10 fen 29 (1940) Hua Hsing Bank,&nbsp;China(Reformed Government of the Republic of China (Japanese puppet states in China),&nbsp;Japan Mint (\u72ec\u7acb\u884c\u653f\u6cd5\u4eba\u9020\u5e63\u5c40 \/ Dokuritsu Gy\u014dsei H\u014djin Z\u014dheikyoku)<\/font><\/div>\n<div><font face=\"Arial\" size=\"4\">Y#522.<\/font><\/div>\n<div><font face=\"Arial\" size=\"4\">Graded by PCGS MS-63.<br \/><\/font><\/p>\n<div>\n<div style=\"\"><font size=\"4\" face=\"Arial\"><br \/><\/font><\/div>\n<div style=\"\"><font size=\"4\" face=\"Arial\">______________________________<\/font><\/div>\n<\/div>\n<\/div>\n","protected":false},"excerpt":{"rendered":"<p>10 fen 29 (1940) Hua Hsing Bank,&nbsp;China(Reformed Government of the Republic of China (Japanese puppet states in China),&nbsp;Japan Mint (\u72ec\u7acb\u884c\u653f\u6cd5\u4eba\u9020\u5e63\u5c40 \/ Dokuritsu Gy\u014dsei H\u014djin Z\u014dheikyoku) Y#522. Graded by PCGS MS-63. ______________________________<\/p>\n","protected":false},"featured_media":55128,"template":"","meta":{"_acf_changed":false},"product_brand":[],"product_cat":[474],"product_tag":[],"class_list":{"0":"post-55127","1":"product","2":"type-product","3":"status-publish","4":"has-post-thumbnail","6":"product_cat-world-coins","7":"pif-has-gallery","9":"first","10":"instock","11":"taxable","12":"shipping-taxable","13":"purchasable","14":"product-type-simple"},"acf":[],"_links":{"self":[{"href":"https:\/\/jetonscanada.com\/en\/wp-json\/wp\/v2\/product\/55127","targetHints":{"allow":["GET"]}}],"collection":[{"href":"https:\/\/jetonscanada.com\/en\/wp-json\/wp\/v2\/product"}],"about":[{"href":"https:\/\/jetonscanada.com\/en\/wp-json\/wp\/v2\/types\/product"}],"wp:featuredmedia":[{"embeddable":true,"href":"https:\/\/jetonscanada.com\/en\/wp-json\/wp\/v2\/media\/55128"}],"wp:attachment":[{"href":"https:\/\/jetonscanada.com\/en\/wp-json\/wp\/v2\/media?parent=55127"}],"wp:term":[{"taxonomy":"product_brand","embeddable":true,"href":"https:\/\/jetonscanada.com\/en\/wp-json\/wp\/v2\/product_brand?post=55127"},{"taxonomy":"product_cat","embeddable":true,"href":"https:\/\/jetonscanada.com\/en\/wp-json\/wp\/v2\/product_cat?post=55127"},{"taxonomy":"product_tag","embeddable":true,"href":"https:\/\/jetonscanada.com\/en\/wp-json\/wp\/v2\/product_tag?post=55127"}],"curies":[{"name":"wp","href":"https:\/\/api.w.org\/{rel}","templated":true}]}}