{"id":54616,"date":"2026-02-10T01:42:35","date_gmt":"2026-02-10T06:42:35","guid":{"rendered":"https:\/\/jetonscanada.com\/en\/product\/denar-1235-1270-hungary-bela-iv-silver-hongrie-magyarorszag-eagle\/"},"modified":"2026-02-10T01:42:36","modified_gmt":"2026-02-10T06:42:36","slug":"denar-1235-1270-hungary-bela-iv-silver-hongrie-magyarorszag-eagle","status":"publish","type":"product","link":"https:\/\/jetonscanada.com\/en\/product\/denar-1235-1270-hungary-bela-iv-silver-hongrie-magyarorszag-eagle\/","title":{"rendered":"Den\u00e1r 1235-1270 Hungary B\u00e9la IV Silver Hongrie Magyarorsz\u00e1g Eagle"},"content":{"rendered":"<p><font size=\"4\">Den\u00e1r 1235-1270 Hungary, under B\u00e9la IV<\/font><\/p>\n<div><font size=\"4\">Husz\u00e1r 313; R\u00e9thy 246;&nbsp;Unger II.:235; Frynas H.18.23<\/font><span style=\"font-size: large;\">.<\/span><\/div>\n<div><span style=\"font-size: large;\">Obv.:&nbsp;<\/span><font size=\"4\">+ R\u0404X B\u0404LA, Crowned head facing.<\/font><\/div>\n<div><font size=\"4\">Rev.:&nbsp;Eagle standing left, head right, with wings spread.<br \/><\/font><\/div>\n<div><font size=\"4\">0.48 g<br \/><\/font><\/p>\n<div>\n<div style=\"\"><font size=\"4\">11.1 mm<\/font><\/div>\n<div style=\"\"><font size=\"4\"><br \/><\/font><\/div>\n<div style=\"\"><font size=\"4\">______________________________<\/font><\/div>\n<\/div>\n<\/div>\n","protected":false},"excerpt":{"rendered":"<p>Den\u00e1r 1235-1270 Hungary, under B\u00e9la IV Husz\u00e1r 313; R\u00e9thy 246;&nbsp;Unger II.:235; Frynas H.18.23. Obv.:&nbsp;+ R\u0404X B\u0404LA, Crowned head facing. Rev.:&nbsp;Eagle standing left, head right, with wings spread. 0.48 g 11.1 mm ______________________________<\/p>\n","protected":false},"featured_media":54617,"template":"","meta":{"_acf_changed":false},"product_brand":[],"product_cat":[474],"product_tag":[],"class_list":{"0":"post-54616","1":"product","2":"type-product","3":"status-publish","4":"has-post-thumbnail","6":"product_cat-world-coins","7":"pif-has-gallery","9":"first","10":"outofstock","11":"taxable","12":"shipping-taxable","13":"purchasable","14":"product-type-simple"},"acf":[],"_links":{"self":[{"href":"https:\/\/jetonscanada.com\/en\/wp-json\/wp\/v2\/product\/54616","targetHints":{"allow":["GET"]}}],"collection":[{"href":"https:\/\/jetonscanada.com\/en\/wp-json\/wp\/v2\/product"}],"about":[{"href":"https:\/\/jetonscanada.com\/en\/wp-json\/wp\/v2\/types\/product"}],"wp:featuredmedia":[{"embeddable":true,"href":"https:\/\/jetonscanada.com\/en\/wp-json\/wp\/v2\/media\/54617"}],"wp:attachment":[{"href":"https:\/\/jetonscanada.com\/en\/wp-json\/wp\/v2\/media?parent=54616"}],"wp:term":[{"taxonomy":"product_brand","embeddable":true,"href":"https:\/\/jetonscanada.com\/en\/wp-json\/wp\/v2\/product_brand?post=54616"},{"taxonomy":"product_cat","embeddable":true,"href":"https:\/\/jetonscanada.com\/en\/wp-json\/wp\/v2\/product_cat?post=54616"},{"taxonomy":"product_tag","embeddable":true,"href":"https:\/\/jetonscanada.com\/en\/wp-json\/wp\/v2\/product_tag?post=54616"}],"curies":[{"name":"wp","href":"https:\/\/api.w.org\/{rel}","templated":true}]}}