{"id":54598,"date":"2026-02-09T22:27:53","date_gmt":"2026-02-10T03:27:53","guid":{"rendered":"https:\/\/jetonscanada.com\/en\/product\/denar-1235-1270-hungary-bela-iv-silver-hongrie-magyarorszag-tower-chet\/"},"modified":"2026-02-10T01:42:15","modified_gmt":"2026-02-10T06:42:15","slug":"denar-1235-1270-hungary-bela-iv-silver-hongrie-magyarorszag-tower-chet","status":"publish","type":"product","link":"https:\/\/jetonscanada.com\/en\/product\/denar-1235-1270-hungary-bela-iv-silver-hongrie-magyarorszag-tower-chet\/","title":{"rendered":"Den\u00e1r 1235-1270 Hungary B\u00e9la IV Silver Hongrie Magyarorsz\u00e1g Tower &#8220;chet&#8221;"},"content":{"rendered":"<p><font size=\"4\">Den\u00e1r 1235-1270 Hungary, under B\u00e9la IV<br \/><\/font><\/p>\n<div><font size=\"4\">Husz\u00e1r 306; Frynas H.18.16.<\/font><\/div>\n<div><font size=\"4\">Obv:&nbsp;Castle<\/font><span style=\"font-size: large;\">(or Tower) set on crescent(or hill) between two lilies.<\/span><\/div>\n<div><font size=\"4\">Rev: Hebrew letter &#8220;chet&#8221; within flower wreath.<\/font><\/div>\n<div><font size=\"4\">0.56 g<br \/><\/font><\/p>\n<div><font size=\"4\">11.8 mm<\/font><\/div>\n<\/div>\n<div>\n<div style=\"\"><font size=\"4\"><br \/><\/font><\/div>\n<div style=\"\"><font size=\"4\">______________________________<\/font><\/div>\n<\/div>\n","protected":false},"excerpt":{"rendered":"<p>Den\u00e1r 1235-1270 Hungary, under B\u00e9la IV Husz\u00e1r 306; Frynas H.18.16. Obv:&nbsp;Castle(or Tower) set on crescent(or hill) between two lilies. Rev: Hebrew letter &#8220;chet&#8221; within flower wreath. 0.56 g 11.8 mm ______________________________<\/p>\n","protected":false},"featured_media":54599,"template":"","meta":{"_acf_changed":false},"product_brand":[],"product_cat":[474],"product_tag":[],"class_list":{"0":"post-54598","1":"product","2":"type-product","3":"status-publish","4":"has-post-thumbnail","6":"product_cat-world-coins","7":"pif-has-gallery","9":"first","10":"outofstock","11":"taxable","12":"shipping-taxable","13":"purchasable","14":"product-type-simple"},"acf":[],"_links":{"self":[{"href":"https:\/\/jetonscanada.com\/en\/wp-json\/wp\/v2\/product\/54598","targetHints":{"allow":["GET"]}}],"collection":[{"href":"https:\/\/jetonscanada.com\/en\/wp-json\/wp\/v2\/product"}],"about":[{"href":"https:\/\/jetonscanada.com\/en\/wp-json\/wp\/v2\/types\/product"}],"wp:featuredmedia":[{"embeddable":true,"href":"https:\/\/jetonscanada.com\/en\/wp-json\/wp\/v2\/media\/54599"}],"wp:attachment":[{"href":"https:\/\/jetonscanada.com\/en\/wp-json\/wp\/v2\/media?parent=54598"}],"wp:term":[{"taxonomy":"product_brand","embeddable":true,"href":"https:\/\/jetonscanada.com\/en\/wp-json\/wp\/v2\/product_brand?post=54598"},{"taxonomy":"product_cat","embeddable":true,"href":"https:\/\/jetonscanada.com\/en\/wp-json\/wp\/v2\/product_cat?post=54598"},{"taxonomy":"product_tag","embeddable":true,"href":"https:\/\/jetonscanada.com\/en\/wp-json\/wp\/v2\/product_tag?post=54598"}],"curies":[{"name":"wp","href":"https:\/\/api.w.org\/{rel}","templated":true}]}}