{"id":54583,"date":"2026-02-09T22:03:24","date_gmt":"2026-02-10T03:03:24","guid":{"rendered":"https:\/\/jetonscanada.com\/en\/product\/denar-1235-1270-hungary-bela-iv-silver-hongrie-magyarorszag-angel-killing-dragon\/"},"modified":"2026-02-10T01:41:57","modified_gmt":"2026-02-10T06:41:57","slug":"denar-1235-1270-hungary-bela-iv-silver-hongrie-magyarorszag-angel-killing-dragon","status":"publish","type":"product","link":"https:\/\/jetonscanada.com\/en\/product\/denar-1235-1270-hungary-bela-iv-silver-hongrie-magyarorszag-angel-killing-dragon\/","title":{"rendered":"Den\u00e1r 1235-1270 Hungary B\u00e9la IV Silver Hongrie Magyarorsz\u00e1g Angel killing dragon"},"content":{"rendered":"<p><font size=\"4\">Den\u00e1r 1235-1270 Hungary, under B\u00e9la IV<br \/><\/font><\/p>\n<div><font size=\"4\">Husz\u00e1r 310;&nbsp;Magyar \u00c9remhat\u00e1roz\u00f3 233; Ez\u00fcstk\u00f6nyv I\u202f18\/45.<\/font><\/div>\n<div><font size=\"4\">Obv:&nbsp;BELA REX around central Hebrew letter.<\/font><\/div>\n<div><font size=\"4\">Rev: Angel standing right, spearing a dragon.<\/font><\/div>\n<div><font size=\"4\">0.52 g<br \/><\/font><\/p>\n<div><font size=\"4\">12.1 mm<\/font><\/div>\n<\/div>\n<div>\n<div><font size=\"4\"><br \/><\/font><\/div>\n<div><font size=\"4\">______________________________<\/font><\/div>\n<\/div>\n","protected":false},"excerpt":{"rendered":"<p>Den\u00e1r 1235-1270 Hungary, under B\u00e9la IV Husz\u00e1r 310;&nbsp;Magyar \u00c9remhat\u00e1roz\u00f3 233; Ez\u00fcstk\u00f6nyv I\u202f18\/45. Obv:&nbsp;BELA REX around central Hebrew letter. Rev: Angel standing right, spearing a dragon. 0.52 g 12.1 mm ______________________________<\/p>\n","protected":false},"featured_media":54584,"template":"","meta":{"_acf_changed":false},"product_brand":[],"product_cat":[474],"product_tag":[],"class_list":{"0":"post-54583","1":"product","2":"type-product","3":"status-publish","4":"has-post-thumbnail","6":"product_cat-world-coins","7":"pif-has-gallery","9":"first","10":"outofstock","11":"taxable","12":"shipping-taxable","13":"purchasable","14":"product-type-simple"},"acf":[],"_links":{"self":[{"href":"https:\/\/jetonscanada.com\/en\/wp-json\/wp\/v2\/product\/54583","targetHints":{"allow":["GET"]}}],"collection":[{"href":"https:\/\/jetonscanada.com\/en\/wp-json\/wp\/v2\/product"}],"about":[{"href":"https:\/\/jetonscanada.com\/en\/wp-json\/wp\/v2\/types\/product"}],"wp:featuredmedia":[{"embeddable":true,"href":"https:\/\/jetonscanada.com\/en\/wp-json\/wp\/v2\/media\/54584"}],"wp:attachment":[{"href":"https:\/\/jetonscanada.com\/en\/wp-json\/wp\/v2\/media?parent=54583"}],"wp:term":[{"taxonomy":"product_brand","embeddable":true,"href":"https:\/\/jetonscanada.com\/en\/wp-json\/wp\/v2\/product_brand?post=54583"},{"taxonomy":"product_cat","embeddable":true,"href":"https:\/\/jetonscanada.com\/en\/wp-json\/wp\/v2\/product_cat?post=54583"},{"taxonomy":"product_tag","embeddable":true,"href":"https:\/\/jetonscanada.com\/en\/wp-json\/wp\/v2\/product_tag?post=54583"}],"curies":[{"name":"wp","href":"https:\/\/api.w.org\/{rel}","templated":true}]}}