{"id":54580,"date":"2026-02-09T22:01:50","date_gmt":"2026-02-10T03:01:50","guid":{"rendered":"https:\/\/jetonscanada.com\/en\/product\/denar-1205-1235-hungary-andreas-ii-silver-hongrie-magyarorszag-panther-star-tree\/"},"modified":"2026-02-10T01:41:54","modified_gmt":"2026-02-10T06:41:54","slug":"denar-1205-1235-hungary-andreas-ii-silver-hongrie-magyarorszag-panther-star-tree","status":"publish","type":"product","link":"https:\/\/jetonscanada.com\/en\/product\/denar-1205-1235-hungary-andreas-ii-silver-hongrie-magyarorszag-panther-star-tree\/","title":{"rendered":"Den\u00e1r 1205-1235 Hungary Andreas II Silver Hongrie Magyarorsz\u00e1g Panther Star Tree"},"content":{"rendered":"<p><font size=\"4\">Den\u00e1r 1205-1235 Hungary, under Andreas II<br \/><\/font><\/p>\n<div><font size=\"4\">Husz\u00e1r 266; R\u00e9thy 1.266;&nbsp;<\/font><span style=\"font-size: large;\">Frynas H17.38<\/span><span style=\"font-size: large;\">.<\/span><\/div>\n<div><font size=\"4\">Obv:&nbsp;Tower between opposed capped heads; all atop crescent over star.<\/font><\/div>\n<div><font size=\"4\">Rev:&nbsp;Panther standing left below tree; rosette to left, Hebrew Tet to right.<\/font><\/div>\n<div><font size=\"4\">0.7 g<br \/><\/font><\/p>\n<div><font size=\"4\">12.4 mm<\/font><\/div>\n<\/div>\n<div>\n<div style=\"\"><font size=\"4\"><br \/><\/font><\/div>\n<div style=\"\"><font size=\"4\">______________________________<\/font><\/div>\n<\/div>\n","protected":false},"excerpt":{"rendered":"<p>Den\u00e1r 1205-1235 Hungary, under Andreas II Husz\u00e1r 266; R\u00e9thy 1.266;&nbsp;Frynas H17.38. Obv:&nbsp;Tower between opposed capped heads; all atop crescent over star. Rev:&nbsp;Panther standing left below tree; rosette to left, Hebrew Tet to right. 0.7 g 12.4 mm ______________________________<\/p>\n","protected":false},"featured_media":54581,"template":"","meta":{"_acf_changed":false},"product_brand":[],"product_cat":[474],"product_tag":[],"class_list":{"0":"post-54580","1":"product","2":"type-product","3":"status-publish","4":"has-post-thumbnail","6":"product_cat-world-coins","7":"pif-has-gallery","9":"first","10":"outofstock","11":"taxable","12":"shipping-taxable","13":"purchasable","14":"product-type-simple"},"acf":[],"_links":{"self":[{"href":"https:\/\/jetonscanada.com\/en\/wp-json\/wp\/v2\/product\/54580","targetHints":{"allow":["GET"]}}],"collection":[{"href":"https:\/\/jetonscanada.com\/en\/wp-json\/wp\/v2\/product"}],"about":[{"href":"https:\/\/jetonscanada.com\/en\/wp-json\/wp\/v2\/types\/product"}],"wp:featuredmedia":[{"embeddable":true,"href":"https:\/\/jetonscanada.com\/en\/wp-json\/wp\/v2\/media\/54581"}],"wp:attachment":[{"href":"https:\/\/jetonscanada.com\/en\/wp-json\/wp\/v2\/media?parent=54580"}],"wp:term":[{"taxonomy":"product_brand","embeddable":true,"href":"https:\/\/jetonscanada.com\/en\/wp-json\/wp\/v2\/product_brand?post=54580"},{"taxonomy":"product_cat","embeddable":true,"href":"https:\/\/jetonscanada.com\/en\/wp-json\/wp\/v2\/product_cat?post=54580"},{"taxonomy":"product_tag","embeddable":true,"href":"https:\/\/jetonscanada.com\/en\/wp-json\/wp\/v2\/product_tag?post=54580"}],"curies":[{"name":"wp","href":"https:\/\/api.w.org\/{rel}","templated":true}]}}