{"id":54275,"date":"2026-01-15T18:12:56","date_gmt":"2026-01-15T23:12:56","guid":{"rendered":"https:\/\/jetonscanada.com\/en\/product\/visit-of-baron-frere-orban-1861-copper-medal-belgium-bruxelles-2-franc-module\/"},"modified":"2026-01-15T19:03:21","modified_gmt":"2026-01-16T00:03:21","slug":"visit-of-baron-frere-orban-1861-copper-medal-belgium-bruxelles-2-franc-module","status":"publish","type":"product","link":"https:\/\/jetonscanada.com\/en\/product\/visit-of-baron-frere-orban-1861-copper-medal-belgium-bruxelles-2-franc-module\/","title":{"rendered":"Visit of Baron Fr\u00e8re-Orban 1861 Copper Medal Belgium Bruxelles 2 franc module"},"content":{"rendered":"<div><font face=\"Arial\" size=\"4\">Visit of Baron Fr\u00e8re-Orban, 1861, Medal, Belgium, Bruxelles<\/font><\/div>\n<div><font face=\"Arial\" size=\"4\">Dupriez 832.<\/font><\/div>\n<div><span style=\"font-family: Arial; font-size: large;\">Edge : Smooth.<\/span><\/div>\n<div style=\"\"><span style=\"font-family: Arial; font-size: large;\">Copper.<\/span><\/div>\n<div style=\"\"><span style=\"font-family: Arial; font-size: large;\">8.46 g<\/span><\/div>\n<div style=\"\"><font size=\"4\" face=\"Arial\">27 mm<\/font><\/div>\n<div style=\"\"><font size=\"4\" face=\"Arial\"><br \/><\/font><\/div>\n<div style=\"\"><font size=\"4\" face=\"Arial\">2 franc module minted in 1861 to commemorate the visit of Baron Fr\u00e8re-Orban, Minister of Finance, to the Brussels Mint.<\/font><\/div>\n<div style=\"\"><font size=\"4\" face=\"Arial\"><br \/><\/font><\/div>\n<div style=\"\"><font size=\"4\" face=\"Arial\">Module de 2 francs frapp\u00e9 en 1861 pour comm\u00e9morer la visite du Baron Fr\u00e8re-Orban, ministre des Finances, \u00e0 l&#8217;H\u00f4tel des monnaies de Bruxelles.<\/font><\/div>\n<div style=\"\"><\/div>\n<div style=\"\"><font size=\"4\" face=\"Arial\">______________________________<\/font><\/div>\n","protected":false},"excerpt":{"rendered":"<p>Visit of Baron Fr\u00e8re-Orban, 1861, Medal, Belgium, Bruxelles Dupriez 832. Edge : Smooth. Copper. 8.46 g 27 mm 2 franc module minted in 1861 to commemorate the visit of Baron Fr\u00e8re-Orban, Minister of Finance, to the Brussels Mint. Module de 2 francs frapp\u00e9 en 1861 pour comm\u00e9morer la visite du Baron Fr\u00e8re-Orban, ministre des Finances, [&hellip;]<\/p>\n","protected":false},"featured_media":54276,"template":"","meta":{"_acf_changed":false},"product_brand":[],"product_cat":[445],"product_tag":[],"class_list":{"0":"post-54275","1":"product","2":"type-product","3":"status-publish","4":"has-post-thumbnail","6":"product_cat-other","7":"pif-has-gallery","9":"first","10":"instock","11":"taxable","12":"shipping-taxable","13":"purchasable","14":"product-type-simple"},"acf":[],"_links":{"self":[{"href":"https:\/\/jetonscanada.com\/en\/wp-json\/wp\/v2\/product\/54275","targetHints":{"allow":["GET"]}}],"collection":[{"href":"https:\/\/jetonscanada.com\/en\/wp-json\/wp\/v2\/product"}],"about":[{"href":"https:\/\/jetonscanada.com\/en\/wp-json\/wp\/v2\/types\/product"}],"wp:featuredmedia":[{"embeddable":true,"href":"https:\/\/jetonscanada.com\/en\/wp-json\/wp\/v2\/media\/54276"}],"wp:attachment":[{"href":"https:\/\/jetonscanada.com\/en\/wp-json\/wp\/v2\/media?parent=54275"}],"wp:term":[{"taxonomy":"product_brand","embeddable":true,"href":"https:\/\/jetonscanada.com\/en\/wp-json\/wp\/v2\/product_brand?post=54275"},{"taxonomy":"product_cat","embeddable":true,"href":"https:\/\/jetonscanada.com\/en\/wp-json\/wp\/v2\/product_cat?post=54275"},{"taxonomy":"product_tag","embeddable":true,"href":"https:\/\/jetonscanada.com\/en\/wp-json\/wp\/v2\/product_tag?post=54275"}],"curies":[{"name":"wp","href":"https:\/\/api.w.org\/{rel}","templated":true}]}}