{"id":53006,"date":"2025-06-30T21:50:20","date_gmt":"2025-07-01T01:50:20","guid":{"rendered":"https:\/\/jetonscanada.com\/en\/product\/1-12-ecu-a-la-meche-courte-1644a-paris-france-km140-1-silver\/"},"modified":"2025-06-30T21:50:20","modified_gmt":"2025-07-01T01:50:20","slug":"1-12-ecu-a-la-meche-courte-1644a-paris-france-km140-1-silver","status":"publish","type":"product","link":"https:\/\/jetonscanada.com\/en\/product\/1-12-ecu-a-la-meche-courte-1644a-paris-france-km140-1-silver\/","title":{"rendered":"1\/12 \u00e9cu \u00e0 la m\u00e8che courte 1644A Paris France KM#140.1 silver"},"content":{"rendered":"<div><font face=\"Arial\" size=\"4\">1\/12 \u00e9cu \u00e0 la m\u00e8che courte 1644A, Paris, France<\/font><\/div>\n<div><font size=\"4\" face=\"Arial\">Clairand 33113;&nbsp;<\/font><span style=\"font-family: Arial; font-size: large;\">KM#140.1<\/span><span style=\"font-family: Arial; font-size: large;\">.<\/span><\/div>\n<div><span style=\"font-family: Arial; font-size: large;\">Dot before LVD (Point avant LVD).<\/span><\/div>\n<div>\n<div style=\"\"><font size=\"4\" face=\"Arial\"><br \/><\/font><\/div>\n<div style=\"\"><font size=\"4\" face=\"Arial\">______________________________<\/font><\/div>\n<\/div>\n","protected":false},"excerpt":{"rendered":"<p>1\/12 \u00e9cu \u00e0 la m\u00e8che courte 1644A, Paris, France Clairand 33113;&nbsp;KM#140.1. Dot before LVD (Point avant LVD). ______________________________<\/p>\n","protected":false},"featured_media":53007,"template":"","meta":{"_acf_changed":false},"product_brand":[],"product_cat":[474],"product_tag":[],"class_list":{"0":"post-53006","1":"product","2":"type-product","3":"status-publish","4":"has-post-thumbnail","6":"product_cat-world-coins","7":"pif-has-gallery","9":"first","10":"instock","11":"taxable","12":"shipping-taxable","13":"purchasable","14":"product-type-simple"},"acf":[],"_links":{"self":[{"href":"https:\/\/jetonscanada.com\/en\/wp-json\/wp\/v2\/product\/53006","targetHints":{"allow":["GET"]}}],"collection":[{"href":"https:\/\/jetonscanada.com\/en\/wp-json\/wp\/v2\/product"}],"about":[{"href":"https:\/\/jetonscanada.com\/en\/wp-json\/wp\/v2\/types\/product"}],"wp:featuredmedia":[{"embeddable":true,"href":"https:\/\/jetonscanada.com\/en\/wp-json\/wp\/v2\/media\/53007"}],"wp:attachment":[{"href":"https:\/\/jetonscanada.com\/en\/wp-json\/wp\/v2\/media?parent=53006"}],"wp:term":[{"taxonomy":"product_brand","embeddable":true,"href":"https:\/\/jetonscanada.com\/en\/wp-json\/wp\/v2\/product_brand?post=53006"},{"taxonomy":"product_cat","embeddable":true,"href":"https:\/\/jetonscanada.com\/en\/wp-json\/wp\/v2\/product_cat?post=53006"},{"taxonomy":"product_tag","embeddable":true,"href":"https:\/\/jetonscanada.com\/en\/wp-json\/wp\/v2\/product_tag?post=53006"}],"curies":[{"name":"wp","href":"https:\/\/api.w.org\/{rel}","templated":true}]}}