{"id":52877,"date":"2025-06-30T15:08:28","date_gmt":"2025-06-30T19:08:28","guid":{"rendered":"https:\/\/jetonscanada.com\/en\/product\/1-2-ecu-a-la-meche-longue-1655-9-rennes-france-km164-24-silver\/"},"modified":"2025-06-30T21:45:36","modified_gmt":"2025-07-01T01:45:36","slug":"1-2-ecu-a-la-meche-longue-1655-9-rennes-france-km164-24-silver","status":"publish","type":"product","link":"https:\/\/jetonscanada.com\/en\/product\/1-2-ecu-a-la-meche-longue-1655-9-rennes-france-km164-24-silver\/","title":{"rendered":"1\/2 \u00e9cu \u00e0 la m\u00e8che longue 1655 9 Rennes France KM#164.24 silver"},"content":{"rendered":"<div><font size=\"4\" face=\"Arial\">1\/2 \u00e9cu \u00e0 la m\u00e8che longue 1655 9, Rennes, France<\/font><\/div>\n<div><font size=\"4\" face=\"Arial\">Clairand 33116;<\/font><span style=\"font-family: Arial; font-size: large;\">&nbsp;<\/span><span style=\"font-family: Arial; font-size: large;\">KM#164.24<\/span><span style=\"font-family: Arial; font-size: large;\">.<\/span><\/div>\n<div>\n<div style=\"\"><font size=\"4\" face=\"Arial\"><br \/><\/font><\/div>\n<div style=\"\"><font size=\"4\" face=\"Arial\">______________________________<\/font><\/div>\n<\/div>\n","protected":false},"excerpt":{"rendered":"<p>1\/2 \u00e9cu \u00e0 la m\u00e8che longue 1655 9, Rennes, France Clairand 33116;&nbsp;KM#164.24. ______________________________<\/p>\n","protected":false},"featured_media":52878,"template":"","meta":{"_acf_changed":false},"product_brand":[],"product_cat":[474],"product_tag":[],"class_list":{"0":"post-52877","1":"product","2":"type-product","3":"status-publish","4":"has-post-thumbnail","6":"product_cat-world-coins","7":"pif-has-gallery","9":"first","10":"instock","11":"taxable","12":"shipping-taxable","13":"purchasable","14":"product-type-simple"},"acf":[],"_links":{"self":[{"href":"https:\/\/jetonscanada.com\/en\/wp-json\/wp\/v2\/product\/52877","targetHints":{"allow":["GET"]}}],"collection":[{"href":"https:\/\/jetonscanada.com\/en\/wp-json\/wp\/v2\/product"}],"about":[{"href":"https:\/\/jetonscanada.com\/en\/wp-json\/wp\/v2\/types\/product"}],"wp:featuredmedia":[{"embeddable":true,"href":"https:\/\/jetonscanada.com\/en\/wp-json\/wp\/v2\/media\/52878"}],"wp:attachment":[{"href":"https:\/\/jetonscanada.com\/en\/wp-json\/wp\/v2\/media?parent=52877"}],"wp:term":[{"taxonomy":"product_brand","embeddable":true,"href":"https:\/\/jetonscanada.com\/en\/wp-json\/wp\/v2\/product_brand?post=52877"},{"taxonomy":"product_cat","embeddable":true,"href":"https:\/\/jetonscanada.com\/en\/wp-json\/wp\/v2\/product_cat?post=52877"},{"taxonomy":"product_tag","embeddable":true,"href":"https:\/\/jetonscanada.com\/en\/wp-json\/wp\/v2\/product_tag?post=52877"}],"curies":[{"name":"wp","href":"https:\/\/api.w.org\/{rel}","templated":true}]}}