{"id":52703,"date":"2025-05-29T13:24:08","date_gmt":"2025-05-29T17:24:08","guid":{"rendered":"https:\/\/jetonscanada.com\/en\/product\/1-2-ecu-aux-huit-l-1690d-lyon-france-km273-3-silver-overstrikeflan-reforme\/"},"modified":"2025-05-29T13:24:09","modified_gmt":"2025-05-29T17:24:09","slug":"1-2-ecu-aux-huit-l-1690d-lyon-france-km273-3-silver-overstrikeflan-reforme","status":"publish","type":"product","link":"https:\/\/jetonscanada.com\/en\/product\/1-2-ecu-aux-huit-l-1690d-lyon-france-km273-3-silver-overstrikeflan-reforme\/","title":{"rendered":"1\/2 \u00e9cu aux huit L 1690D Lyon France KM#273.3 silver Overstrike(Flan R\u00e9form\u00e9)"},"content":{"rendered":"<div><font size=\"4\" face=\"Arial\">1\/2 \u00e9cu aux huit L 1690D, Lyon, France<\/font><\/div>\n<div><font size=\"4\" face=\"Arial\">Overstrike(Flan R\u00e9form\u00e9).<\/font><\/div>\n<div><font face=\"Arial\" size=\"4\">Clairand 33156;&nbsp;KM#273.3<\/font><span style=\"font-family: Arial; font-size: large;\">.<\/span><\/div>\n<div>\n<div style=\"\"><font size=\"4\" face=\"Arial\"><br \/><\/font><\/div>\n<div style=\"\"><font size=\"4\" face=\"Arial\">______________________________<\/font><\/div>\n<\/div>\n","protected":false},"excerpt":{"rendered":"<p>1\/2 \u00e9cu aux huit L 1690D, Lyon, France Overstrike(Flan R\u00e9form\u00e9). Clairand 33156;&nbsp;KM#273.3. ______________________________<\/p>\n","protected":false},"featured_media":52704,"template":"","meta":{"_acf_changed":false},"product_brand":[],"product_cat":[474],"product_tag":[],"class_list":{"0":"post-52703","1":"product","2":"type-product","3":"status-publish","4":"has-post-thumbnail","6":"product_cat-world-coins","7":"pif-has-gallery","9":"first","10":"instock","11":"taxable","12":"shipping-taxable","13":"purchasable","14":"product-type-simple"},"acf":[],"_links":{"self":[{"href":"https:\/\/jetonscanada.com\/en\/wp-json\/wp\/v2\/product\/52703","targetHints":{"allow":["GET"]}}],"collection":[{"href":"https:\/\/jetonscanada.com\/en\/wp-json\/wp\/v2\/product"}],"about":[{"href":"https:\/\/jetonscanada.com\/en\/wp-json\/wp\/v2\/types\/product"}],"wp:featuredmedia":[{"embeddable":true,"href":"https:\/\/jetonscanada.com\/en\/wp-json\/wp\/v2\/media\/52704"}],"wp:attachment":[{"href":"https:\/\/jetonscanada.com\/en\/wp-json\/wp\/v2\/media?parent=52703"}],"wp:term":[{"taxonomy":"product_brand","embeddable":true,"href":"https:\/\/jetonscanada.com\/en\/wp-json\/wp\/v2\/product_brand?post=52703"},{"taxonomy":"product_cat","embeddable":true,"href":"https:\/\/jetonscanada.com\/en\/wp-json\/wp\/v2\/product_cat?post=52703"},{"taxonomy":"product_tag","embeddable":true,"href":"https:\/\/jetonscanada.com\/en\/wp-json\/wp\/v2\/product_tag?post=52703"}],"curies":[{"name":"wp","href":"https:\/\/api.w.org\/{rel}","templated":true}]}}