{"id":52659,"date":"2025-05-29T13:22:38","date_gmt":"2025-05-29T17:22:38","guid":{"rendered":"https:\/\/jetonscanada.com\/en\/product\/1-ecu-aux-palmes-1695d-lyon-france-km298-6-iccs-ef-40-silver\/"},"modified":"2025-05-29T13:22:39","modified_gmt":"2025-05-29T17:22:39","slug":"1-ecu-aux-palmes-1695d-lyon-france-km298-6-iccs-ef-40-silver","status":"publish","type":"product","link":"https:\/\/jetonscanada.com\/en\/product\/1-ecu-aux-palmes-1695d-lyon-france-km298-6-iccs-ef-40-silver\/","title":{"rendered":"1 \u00e9cu aux palmes 1695D Lyon France KM#298.6 ICCS EF-40 silver"},"content":{"rendered":"<div><font size=\"4\" face=\"Arial\">1 \u00e9cu aux palmes 1695D, Lyon, France<\/font><\/div>\n<div><span style=\"font-family: Arial; font-size: large;\">Overstrike(Flan R\u00e9form\u00e9).<\/span><font size=\"4\" face=\"Arial\"><\/font><\/div>\n<div><font size=\"4\" face=\"Arial\">Clairand 33160;&nbsp;<\/font><span style=\"font-family: Arial; font-size: large;\">KM#298.6<\/span><span style=\"font-family: Arial; font-size: large;\">.<\/span><\/div>\n<div><span style=\"font-family: Arial; font-size: large;\">Graded by ICCS EF-40.<\/span><\/div>\n<div><\/div>\n<div>\n<div style=\"\"><font size=\"4\" face=\"Arial\">______________________________<\/font><\/div>\n<\/div>\n","protected":false},"excerpt":{"rendered":"<p>1 \u00e9cu aux palmes 1695D, Lyon, France Overstrike(Flan R\u00e9form\u00e9). Clairand 33160;&nbsp;KM#298.6. Graded by ICCS EF-40. ______________________________<\/p>\n","protected":false},"featured_media":52660,"template":"","meta":{"_acf_changed":false},"product_brand":[],"product_cat":[474],"product_tag":[],"class_list":{"0":"post-52659","1":"product","2":"type-product","3":"status-publish","4":"has-post-thumbnail","6":"product_cat-world-coins","7":"pif-has-gallery","9":"first","10":"instock","11":"taxable","12":"shipping-taxable","13":"purchasable","14":"product-type-simple"},"acf":[],"_links":{"self":[{"href":"https:\/\/jetonscanada.com\/en\/wp-json\/wp\/v2\/product\/52659","targetHints":{"allow":["GET"]}}],"collection":[{"href":"https:\/\/jetonscanada.com\/en\/wp-json\/wp\/v2\/product"}],"about":[{"href":"https:\/\/jetonscanada.com\/en\/wp-json\/wp\/v2\/types\/product"}],"wp:featuredmedia":[{"embeddable":true,"href":"https:\/\/jetonscanada.com\/en\/wp-json\/wp\/v2\/media\/52660"}],"wp:attachment":[{"href":"https:\/\/jetonscanada.com\/en\/wp-json\/wp\/v2\/media?parent=52659"}],"wp:term":[{"taxonomy":"product_brand","embeddable":true,"href":"https:\/\/jetonscanada.com\/en\/wp-json\/wp\/v2\/product_brand?post=52659"},{"taxonomy":"product_cat","embeddable":true,"href":"https:\/\/jetonscanada.com\/en\/wp-json\/wp\/v2\/product_cat?post=52659"},{"taxonomy":"product_tag","embeddable":true,"href":"https:\/\/jetonscanada.com\/en\/wp-json\/wp\/v2\/product_tag?post=52659"}],"curies":[{"name":"wp","href":"https:\/\/api.w.org\/{rel}","templated":true}]}}