{"id":52651,"date":"2025-05-29T13:22:23","date_gmt":"2025-05-29T17:22:23","guid":{"rendered":"https:\/\/jetonscanada.com\/en\/product\/1-2-ecu-a-la-meche-longue-1658-9-rennes-france-km164-24-iccs-au-50-silver\/"},"modified":"2025-05-29T13:22:23","modified_gmt":"2025-05-29T17:22:23","slug":"1-2-ecu-a-la-meche-longue-1658-9-rennes-france-km164-24-iccs-au-50-silver","status":"publish","type":"product","link":"https:\/\/jetonscanada.com\/en\/product\/1-2-ecu-a-la-meche-longue-1658-9-rennes-france-km164-24-iccs-au-50-silver\/","title":{"rendered":"1\/2 \u00e9cu \u00e0 la m\u00e8che longue 1658 9  Rennes France KM#164.24 ICCS AU-50 silver"},"content":{"rendered":"<div><font face=\"Arial\" size=\"4\">1\/2 \u00e9cu \u00e0 la m\u00e8che longue 1658&nbsp;<\/font><span style=\"font-family: Arial; font-size: large;\">9(Mint\/Atelier)<\/span><font face=\"Arial\" size=\"4\">, Rennes<\/font><span style=\"font-family: Arial; font-size: large;\">, France<\/span><\/div>\n<div><font size=\"4\" face=\"Arial\">Clairand 33116;&nbsp;<\/font><span style=\"font-family: Arial; font-size: large;\">KM#164<\/span><span style=\"font-family: Arial; font-size: large;\">.24<\/span><span style=\"font-family: Arial; font-size: large;\">.<\/span><\/div>\n<div><span style=\"font-family: Arial; font-size: large;\">Graded by ICCS AU-50.<\/span><font size=\"4\" face=\"Arial\"><br \/><\/font><\/p>\n<div style=\"\"><font size=\"4\" face=\"Arial\"><br \/><\/font><\/div>\n<div style=\"\"><font size=\"4\" face=\"Arial\">______________________________<\/font><\/div>\n<\/div>\n","protected":false},"excerpt":{"rendered":"<p>1\/2 \u00e9cu \u00e0 la m\u00e8che longue 1658&nbsp;9(Mint\/Atelier), Rennes, France Clairand 33116;&nbsp;KM#164.24. Graded by ICCS AU-50. ______________________________<\/p>\n","protected":false},"featured_media":52652,"template":"","meta":{"_acf_changed":false},"product_brand":[],"product_cat":[474],"product_tag":[],"class_list":{"0":"post-52651","1":"product","2":"type-product","3":"status-publish","4":"has-post-thumbnail","6":"product_cat-world-coins","7":"pif-has-gallery","9":"first","10":"instock","11":"taxable","12":"shipping-taxable","13":"purchasable","14":"product-type-simple"},"acf":[],"_links":{"self":[{"href":"https:\/\/jetonscanada.com\/en\/wp-json\/wp\/v2\/product\/52651","targetHints":{"allow":["GET"]}}],"collection":[{"href":"https:\/\/jetonscanada.com\/en\/wp-json\/wp\/v2\/product"}],"about":[{"href":"https:\/\/jetonscanada.com\/en\/wp-json\/wp\/v2\/types\/product"}],"wp:featuredmedia":[{"embeddable":true,"href":"https:\/\/jetonscanada.com\/en\/wp-json\/wp\/v2\/media\/52652"}],"wp:attachment":[{"href":"https:\/\/jetonscanada.com\/en\/wp-json\/wp\/v2\/media?parent=52651"}],"wp:term":[{"taxonomy":"product_brand","embeddable":true,"href":"https:\/\/jetonscanada.com\/en\/wp-json\/wp\/v2\/product_brand?post=52651"},{"taxonomy":"product_cat","embeddable":true,"href":"https:\/\/jetonscanada.com\/en\/wp-json\/wp\/v2\/product_cat?post=52651"},{"taxonomy":"product_tag","embeddable":true,"href":"https:\/\/jetonscanada.com\/en\/wp-json\/wp\/v2\/product_tag?post=52651"}],"curies":[{"name":"wp","href":"https:\/\/api.w.org\/{rel}","templated":true}]}}