{"id":50432,"date":"2024-12-07T20:30:46","date_gmt":"2024-12-08T01:30:46","guid":{"rendered":"https:\/\/jetonscanada.com\/en\/product\/1-liard-de-france-au-buste-age-1702l-lille-france-copper-louis-xiv\/"},"modified":"2024-12-12T12:36:47","modified_gmt":"2024-12-12T17:36:47","slug":"1-liard-de-france-au-buste-age-1702l-lille-france-copper-louis-xiv","status":"publish","type":"product","link":"https:\/\/jetonscanada.com\/en\/product\/1-liard-de-france-au-buste-age-1702l-lille-france-copper-louis-xiv\/","title":{"rendered":"1 liard de France au buste \u00e2g\u00e9 1702L Lille France Copper Louis XIV"},"content":{"rendered":"<p><font face=\"Arial\" size=\"4\">1 liard de France au buste \u00e2g\u00e9 1702L couronn\u00e9, Lille, France<\/font><\/p>\n<div>\n<div>\n<div><font face=\"Arial\" size=\"4\">Clairand #33302.<\/font><\/div>\n<\/div>\n<div><\/div>\n<div>\n<div style=\"\"><font size=\"4\" face=\"Arial\">______________________________<\/font><\/div>\n<\/div>\n<\/div>\n","protected":false},"excerpt":{"rendered":"<p>1 liard de France au buste \u00e2g\u00e9 1702L couronn\u00e9, Lille, France Clairand #33302. ______________________________<\/p>\n","protected":false},"featured_media":50433,"template":"","meta":{"_acf_changed":false},"product_brand":[],"product_cat":[474],"product_tag":[],"class_list":{"0":"post-50432","1":"product","2":"type-product","3":"status-publish","4":"has-post-thumbnail","6":"product_cat-world-coins","7":"pif-has-gallery","9":"first","10":"instock","11":"taxable","12":"shipping-taxable","13":"purchasable","14":"product-type-simple"},"acf":[],"_links":{"self":[{"href":"https:\/\/jetonscanada.com\/en\/wp-json\/wp\/v2\/product\/50432","targetHints":{"allow":["GET"]}}],"collection":[{"href":"https:\/\/jetonscanada.com\/en\/wp-json\/wp\/v2\/product"}],"about":[{"href":"https:\/\/jetonscanada.com\/en\/wp-json\/wp\/v2\/types\/product"}],"wp:featuredmedia":[{"embeddable":true,"href":"https:\/\/jetonscanada.com\/en\/wp-json\/wp\/v2\/media\/50433"}],"wp:attachment":[{"href":"https:\/\/jetonscanada.com\/en\/wp-json\/wp\/v2\/media?parent=50432"}],"wp:term":[{"taxonomy":"product_brand","embeddable":true,"href":"https:\/\/jetonscanada.com\/en\/wp-json\/wp\/v2\/product_brand?post=50432"},{"taxonomy":"product_cat","embeddable":true,"href":"https:\/\/jetonscanada.com\/en\/wp-json\/wp\/v2\/product_cat?post=50432"},{"taxonomy":"product_tag","embeddable":true,"href":"https:\/\/jetonscanada.com\/en\/wp-json\/wp\/v2\/product_tag?post=50432"}],"curies":[{"name":"wp","href":"https:\/\/api.w.org\/{rel}","templated":true}]}}