{"id":48895,"date":"2024-05-13T02:37:46","date_gmt":"2024-05-13T06:37:46","guid":{"rendered":"https:\/\/jetonscanada.com\/en\/product\/1-groschl-1765-bohemia-km791-copper-boheme-cechy\/"},"modified":"2024-06-15T02:11:06","modified_gmt":"2024-06-15T06:11:06","slug":"1-groschl-1765-bohemia-km791-copper-boheme-cechy","status":"publish","type":"product","link":"https:\/\/jetonscanada.com\/en\/product\/1-groschl-1765-bohemia-km791-copper-boheme-cechy\/","title":{"rendered":"1 gr\u00f6schl 1765 Bohemia KM#791 Copper Boh\u00eame \u010cechy"},"content":{"rendered":"<p><font face=\"Arial\" size=\"4\">1 gr\u00f6schl 1765 Bohemia, KM#791<\/font><\/p>\n<div style=\"\"><font size=\"4\" face=\"Arial\"><br \/><\/font><\/div>\n<div style=\"\"><font size=\"4\" face=\"Arial\">______________________________<\/font><\/div>\n","protected":false},"excerpt":{"rendered":"<p>1 gr\u00f6schl 1765 Bohemia, KM#791 ______________________________<\/p>\n","protected":false},"featured_media":48896,"template":"","meta":{"_acf_changed":false},"product_brand":[],"product_cat":[474],"product_tag":[],"class_list":{"0":"post-48895","1":"product","2":"type-product","3":"status-publish","4":"has-post-thumbnail","6":"product_cat-world-coins","7":"pif-has-gallery","9":"first","10":"instock","11":"taxable","12":"shipping-taxable","13":"purchasable","14":"product-type-simple"},"acf":[],"_links":{"self":[{"href":"https:\/\/jetonscanada.com\/en\/wp-json\/wp\/v2\/product\/48895","targetHints":{"allow":["GET"]}}],"collection":[{"href":"https:\/\/jetonscanada.com\/en\/wp-json\/wp\/v2\/product"}],"about":[{"href":"https:\/\/jetonscanada.com\/en\/wp-json\/wp\/v2\/types\/product"}],"wp:featuredmedia":[{"embeddable":true,"href":"https:\/\/jetonscanada.com\/en\/wp-json\/wp\/v2\/media\/48896"}],"wp:attachment":[{"href":"https:\/\/jetonscanada.com\/en\/wp-json\/wp\/v2\/media?parent=48895"}],"wp:term":[{"taxonomy":"product_brand","embeddable":true,"href":"https:\/\/jetonscanada.com\/en\/wp-json\/wp\/v2\/product_brand?post=48895"},{"taxonomy":"product_cat","embeddable":true,"href":"https:\/\/jetonscanada.com\/en\/wp-json\/wp\/v2\/product_cat?post=48895"},{"taxonomy":"product_tag","embeddable":true,"href":"https:\/\/jetonscanada.com\/en\/wp-json\/wp\/v2\/product_tag?post=48895"}],"curies":[{"name":"wp","href":"https:\/\/api.w.org\/{rel}","templated":true}]}}