{"id":48312,"date":"2024-03-25T17:55:40","date_gmt":"2024-03-25T21:55:40","guid":{"rendered":"https:\/\/jetonscanada.com\/en\/product\/dr-friedrich-joseph-haass-1780-1853-ae-medal-guttler-engraved-in-2000-2\/"},"modified":"2024-04-08T18:11:48","modified_gmt":"2024-04-08T22:11:48","slug":"dr-friedrich-joseph-haass-1780-1853-ae-medal-guttler-engraved-in-2000-2","status":"publish","type":"product","link":"https:\/\/jetonscanada.com\/en\/product\/dr-friedrich-joseph-haass-1780-1853-ae-medal-guttler-engraved-in-2000-2\/","title":{"rendered":"Dr. Friedrich Joseph Haass (1780-1853) AE medal G\u00fcttler engraved in 2000"},"content":{"rendered":"<p><font size=\"4\" face=\"Arial\">Dr. Friedrich Joseph Haass (1780-1853), AE medal, engraved in 2000<br \/><\/font><\/p>\n<div>\n<div style=\"\"><font size=\"4\" face=\"Arial\">By Peter G\u00f6tz&nbsp;G\u00fcttler.<\/font><\/div>\n<div style=\"\"><font size=\"4\" face=\"Arial\">According to&nbsp;Auktionen M\u00fcnzhandlung Sonntag,&nbsp;30 exemplars were made.<\/font><\/div>\n<div style=\"\"><span style=\"font-family: Arial; font-size: large;\">286 g<\/span><\/div>\n<div style=\"\"><font size=\"4\" face=\"Arial\">99 by 100 mm<\/font><\/div>\n<div style=\"\"><font face=\"Arial\" size=\"4\">Ex: From the&nbsp;Dr. B\u00f6sing collection,&nbsp;<\/font><span style=\"font-family: Arial; font-size: large;\">M\u00fcnz Zentrum Rheinland,&nbsp;Auction 189, lot 5239 (Hammered for 115\u20ac on 11\/09\/19); (Probably) Ex.&nbsp;Auktionen M\u00fcnzhandlung Sonntag, Auction 30, lot 1300 (Hammered for 120\u20ac on 04\/06\/19).<\/span><\/div>\n<div style=\"\"><font size=\"4\" face=\"Arial\"><br \/><\/font><\/div>\n<div style=\"\"><font size=\"4\" face=\"Arial\">______________________________<\/font><\/div>\n<\/div>\n","protected":false},"excerpt":{"rendered":"<p>Dr. Friedrich Joseph Haass (1780-1853), AE medal, engraved in 2000 By Peter G\u00f6tz&nbsp;G\u00fcttler. According to&nbsp;Auktionen M\u00fcnzhandlung Sonntag,&nbsp;30 exemplars were made. 286 g 99 by 100 mm Ex: From the&nbsp;Dr. B\u00f6sing collection,&nbsp;M\u00fcnz Zentrum Rheinland,&nbsp;Auction 189, lot 5239 (Hammered for 115\u20ac on 11\/09\/19); (Probably) Ex.&nbsp;Auktionen M\u00fcnzhandlung Sonntag, Auction 30, lot 1300 (Hammered for 120\u20ac on 04\/06\/19). ______________________________<\/p>\n","protected":false},"featured_media":48086,"template":"","meta":{"_acf_changed":false},"product_brand":[],"product_cat":[445],"product_tag":[],"class_list":{"0":"post-48312","1":"product","2":"type-product","3":"status-publish","4":"has-post-thumbnail","6":"product_cat-other","7":"pif-has-gallery","9":"first","10":"instock","11":"taxable","12":"shipping-taxable","13":"purchasable","14":"product-type-simple"},"acf":[],"_links":{"self":[{"href":"https:\/\/jetonscanada.com\/en\/wp-json\/wp\/v2\/product\/48312","targetHints":{"allow":["GET"]}}],"collection":[{"href":"https:\/\/jetonscanada.com\/en\/wp-json\/wp\/v2\/product"}],"about":[{"href":"https:\/\/jetonscanada.com\/en\/wp-json\/wp\/v2\/types\/product"}],"wp:featuredmedia":[{"embeddable":true,"href":"https:\/\/jetonscanada.com\/en\/wp-json\/wp\/v2\/media\/48086"}],"wp:attachment":[{"href":"https:\/\/jetonscanada.com\/en\/wp-json\/wp\/v2\/media?parent=48312"}],"wp:term":[{"taxonomy":"product_brand","embeddable":true,"href":"https:\/\/jetonscanada.com\/en\/wp-json\/wp\/v2\/product_brand?post=48312"},{"taxonomy":"product_cat","embeddable":true,"href":"https:\/\/jetonscanada.com\/en\/wp-json\/wp\/v2\/product_cat?post=48312"},{"taxonomy":"product_tag","embeddable":true,"href":"https:\/\/jetonscanada.com\/en\/wp-json\/wp\/v2\/product_tag?post=48312"}],"curies":[{"name":"wp","href":"https:\/\/api.w.org\/{rel}","templated":true}]}}