{"id":47597,"date":"2024-01-09T05:42:34","date_gmt":"2024-01-09T10:42:34","guid":{"rendered":"https:\/\/jetonscanada.com\/fr\/product\/exaltacion-mando-supremo-de-nicolas-de-pierola-token-8-setiembre-1895-lima-peru\/"},"modified":"2024-01-09T21:39:38","modified_gmt":"2024-01-10T02:39:38","slug":"exaltacion-mando-supremo-de-nicolas-de-pierola-token-8-setiembre-1895-lima-peru","status":"publish","type":"product","link":"https:\/\/jetonscanada.com\/en\/product\/exaltacion-mando-supremo-de-nicolas-de-pierola-token-8-setiembre-1895-lima-peru\/","title":{"rendered":"Exaltaci\u00f3n mando supremo de Nicol\u00e1s de Pi\u00e9rola token 8 setiembre 1895 Lima Peru"},"content":{"rendered":"<div><font face=\"Arial\" size=\"4\">Nicol\u00e1s de Pi\u00e9rola token, 1895, Lima, Peru<\/font><\/div>\n<div><span style=\"font-family: Arial; font-size: large;\">4.34 g<\/span><\/div>\n<div><font face=\"Arial\" size=\"4\">22.8 mm<\/font><\/div>\n<div>\n<div><font face=\"Arial\" size=\"4\">Ex. Richard Cooper Collection.<\/font><\/div>\n<div><\/div>\n<\/div>\n<div><font size=\"4\" face=\"Arial\">______________________________<\/font><\/div>\n","protected":false},"excerpt":{"rendered":"<p>Nicol\u00e1s de Pi\u00e9rola token, 1895, Lima, Peru 4.34 g 22.8 mm Ex. Richard Cooper Collection. ______________________________<\/p>\n","protected":false},"featured_media":47598,"template":"","meta":{"_acf_changed":false},"product_brand":[],"product_cat":[446],"product_tag":[],"class_list":{"0":"post-47597","1":"product","2":"type-product","3":"status-publish","4":"has-post-thumbnail","6":"product_cat-other-tokens","7":"pif-has-gallery","9":"first","10":"outofstock","11":"taxable","12":"shipping-taxable","13":"purchasable","14":"product-type-simple"},"acf":[],"_links":{"self":[{"href":"https:\/\/jetonscanada.com\/en\/wp-json\/wp\/v2\/product\/47597","targetHints":{"allow":["GET"]}}],"collection":[{"href":"https:\/\/jetonscanada.com\/en\/wp-json\/wp\/v2\/product"}],"about":[{"href":"https:\/\/jetonscanada.com\/en\/wp-json\/wp\/v2\/types\/product"}],"wp:featuredmedia":[{"embeddable":true,"href":"https:\/\/jetonscanada.com\/en\/wp-json\/wp\/v2\/media\/47598"}],"wp:attachment":[{"href":"https:\/\/jetonscanada.com\/en\/wp-json\/wp\/v2\/media?parent=47597"}],"wp:term":[{"taxonomy":"product_brand","embeddable":true,"href":"https:\/\/jetonscanada.com\/en\/wp-json\/wp\/v2\/product_brand?post=47597"},{"taxonomy":"product_cat","embeddable":true,"href":"https:\/\/jetonscanada.com\/en\/wp-json\/wp\/v2\/product_cat?post=47597"},{"taxonomy":"product_tag","embeddable":true,"href":"https:\/\/jetonscanada.com\/en\/wp-json\/wp\/v2\/product_tag?post=47597"}],"curies":[{"name":"wp","href":"https:\/\/api.w.org\/{rel}","templated":true}]}}