{"id":46861,"date":"2023-11-24T18:24:42","date_gmt":"2023-11-24T23:24:42","guid":{"rendered":"https:\/\/jetonscanada.com\/fr\/product\/ischal-1191-6-1783-khanate-of-crimea-under-russian-km82-copper-ngc-xf45\/"},"modified":"2023-11-26T13:25:20","modified_gmt":"2023-11-26T18:25:20","slug":"ischal-1191-6-1783-khanate-of-crimea-under-russian-km82-copper-ngc-xf45","status":"publish","type":"product","link":"https:\/\/jetonscanada.com\/en\/product\/ischal-1191-6-1783-khanate-of-crimea-under-russian-km82-copper-ngc-xf45\/","title":{"rendered":"Ischal 1191\/6 (1783) Khanate of Crimea under Russian KM#82 copper NGC XF45"},"content":{"rendered":"<p><font face=\"Arial\" size=\"4\">Ischal (30 Akce) AH 1191\/6 (1783) Khanate of Crimea under Russian protectorate, KM#82, Khan&nbsp;Shahin(<\/font><span style=\"font-family: Arial; font-size: large;\">\u015eahin<\/span><font face=\"Arial\" size=\"4\">) Giray(During his 6th year of reign)&nbsp;was the last Khan of Crimea on two occasions (1777\u20131782, 1782\u20131783).<\/font><\/p>\n<div><font face=\"Arial\" size=\"4\">Graded by NGC XF 45.<\/font><\/div>\n<div><font face=\"Arial\" size=\"4\">77.25 grams(Recorded before slabbing)<\/font><\/div>\n<div><font face=\"Arial\" size=\"4\"><br \/><\/font><\/div>\n<div><font face=\"Arial\" size=\"4\"><br \/><\/font><\/div>\n<div><font face=\"Arial\" size=\"4\">The dissolution of the Giray dynasty took place in 1783 in Crimea.<\/font><\/div>\n<div><font face=\"Arial\" size=\"4\"><br \/><\/font><\/div>\n<div><font face=\"Arial\" size=\"4\"><br \/><\/font><\/div>\n<div><font face=\"Arial\" size=\"4\">In 1776, \u015eahin Giray succeeded his uncle to become Khan of Crimea. During his brief reign, he embarked on a program to re-build and modernise the Crimean Khanate. These reforms centred on the economy and government infrastructure, but included opening factories and moving the capital from Bakhchisaray to the important trade city of Caffa. Eventually, under enormous pressure from Russia and facing the inevitability of defeat, he agreed to a Russian offer to incorporate the Khanate into the Russian Empire. As a result, he was compelled to move to Saint Petersburg, where he lived under house arrest. He appealed to be allowed to move to Edirne, where he had spent much of his childhood. In 1787, Russia and the Ottoman Empire agreed to allow him to move to Edirne. This move was not the retirement he was expecting because the Ottoman authorities saw him as a possible challenger to the imperial Ottoman throne. He was moved under arrest to Constantinople and then Rhodes where he was executed later that year under the order of the Ottoman sultan Abdul Hamid I.<\/font><\/div>\n<div><font face=\"Arial\" size=\"4\"><br \/><\/font><\/div>\n<div><font face=\"Arial\" size=\"4\">-Taken from Wikipedia.<\/font><\/div>\n<div><font face=\"Arial\" size=\"4\"><br \/><\/font><\/div>\n<div><font face=\"Arial\" size=\"4\"><br \/><\/font><\/div>\n<div><font face=\"Arial\" size=\"4\">The Crimean Khanate was a Turkic state of the Ottoman Empire from 1441 to 1783, the longest-lived of the Turkic khanates that succeeded the empire of the Golden Horde of Mongol origin. Established by Hac\u0131 I Giray in 1441, the Crimean khans were the patrilineal descendants of Toqa Tem\u00fcr, thirteenth son of Jochi and grandson of Genghis Khan through marriage. Ottoman forces under Gedik Ahmet Pasha conquered all of the Crimean peninsula and joined it to the khanate in 1475. In 1774, it was released as a sovereign political entity, following the Russo-Turkish Treaty of K\u00fc\u00e7\u00fck Kaynarca, and formally annexed by the Russian Empire in 1783, becoming the Taurida Governorate. The khanate was located in present-day Russia, Ukraine, Romania and Moldova. In 1475, the Ottomans imprisoned Me\u00f1li I Giray for three years for resisting the invasion. After returning from captivity in Constantinople, he accepted the suzerainty of the Ottoman Empire. Nevertheless, Ottoman sultans treated the khans more as allies than subjects. The khans continued to have a foreign policy independent from the Ottomans in the steppes of Little Tartary. The khans continued to mint coins and use their names in Friday prayers, two important signs of sovereignty. Their coinage was similar to the Golden Horde akce, that&#8217;s because the Crimean Tatars thought of their khanate as a direct descendant of the Golden Horde.<\/font><\/div>\n<div><font face=\"Arial\" size=\"4\"><br \/><\/font><\/div>\n<div><font face=\"Arial\" size=\"4\">-Taken from Numista.<br \/><\/font><\/p>\n<div style=\"\"><font size=\"4\"><br \/><\/font><\/div>\n<div style=\"\"><font size=\"4\">______________________________<\/font><\/div>\n<\/div>\n","protected":false},"excerpt":{"rendered":"<p>Ischal (30 Akce) AH 1191\/6 (1783) Khanate of Crimea under Russian protectorate, KM#82, Khan&nbsp;Shahin(\u015eahin) Giray(During his 6th year of reign)&nbsp;was the last Khan of Crimea on two occasions (1777\u20131782, 1782\u20131783). Graded by NGC XF 45. 77.25 grams(Recorded before slabbing) The dissolution of the Giray dynasty took place in 1783 in Crimea. In 1776, \u015eahin Giray [&hellip;]<\/p>\n","protected":false},"featured_media":46862,"template":"","meta":{"_acf_changed":false},"product_brand":[],"product_cat":[474],"product_tag":[],"class_list":{"0":"post-46861","1":"product","2":"type-product","3":"status-publish","4":"has-post-thumbnail","6":"product_cat-world-coins","7":"pa_certification-ngc","8":"pa_composition-copper","9":"pa_grade-xf-45","10":"pa_year-829","11":"pif-has-gallery","13":"first","14":"outofstock","15":"taxable","16":"shipping-taxable","17":"purchasable","18":"product-type-simple"},"acf":[],"_links":{"self":[{"href":"https:\/\/jetonscanada.com\/en\/wp-json\/wp\/v2\/product\/46861","targetHints":{"allow":["GET"]}}],"collection":[{"href":"https:\/\/jetonscanada.com\/en\/wp-json\/wp\/v2\/product"}],"about":[{"href":"https:\/\/jetonscanada.com\/en\/wp-json\/wp\/v2\/types\/product"}],"wp:featuredmedia":[{"embeddable":true,"href":"https:\/\/jetonscanada.com\/en\/wp-json\/wp\/v2\/media\/46862"}],"wp:attachment":[{"href":"https:\/\/jetonscanada.com\/en\/wp-json\/wp\/v2\/media?parent=46861"}],"wp:term":[{"taxonomy":"product_brand","embeddable":true,"href":"https:\/\/jetonscanada.com\/en\/wp-json\/wp\/v2\/product_brand?post=46861"},{"taxonomy":"product_cat","embeddable":true,"href":"https:\/\/jetonscanada.com\/en\/wp-json\/wp\/v2\/product_cat?post=46861"},{"taxonomy":"product_tag","embeddable":true,"href":"https:\/\/jetonscanada.com\/en\/wp-json\/wp\/v2\/product_tag?post=46861"}],"curies":[{"name":"wp","href":"https:\/\/api.w.org\/{rel}","templated":true}]}}