{"id":43144,"date":"2023-03-30T21:44:06","date_gmt":"2023-03-31T01:44:06","guid":{"rendered":"https:\/\/jetonscanada.com\/fr\/product\/french-jeton-nd-1560-1574-minerva-fortuna-king-charles-ix-france\/"},"modified":"2023-03-31T22:57:57","modified_gmt":"2023-04-01T02:57:57","slug":"french-jeton-nd-1560-1574-minerva-fortuna-king-charles-ix-france","status":"publish","type":"product","link":"https:\/\/jetonscanada.com\/en\/product\/french-jeton-nd-1560-1574-minerva-fortuna-king-charles-ix-france\/","title":{"rendered":"French jeton ND (1560-1574) Minerva Fortuna King Charles IX France"},"content":{"rendered":"<p><font face=\"Arial\" size=\"4\">Feaurdant 11714.<\/font><\/p>\n<div><font face=\"Arial\" size=\"4\">Avers:&nbsp;STVDEAT VIRTVTI,&nbsp;<\/font><span style=\"font-family: Arial; font-size: large;\">Minerve debout de face, tenant de chaque main une couronne royale, sur un \u00e9cu ovale aux armes de France, accost\u00e9 de deux C crois\u00e9s. La bordant \u00e0 sa base, deux cornes d\u2019abondance.<\/span><\/div>\n<div><font face=\"Arial\" size=\"4\">Rev.:&nbsp;FORTVNA VARIABILIS<\/font><span style=\"font-family: Arial; font-size: large;\">, Fortune assise \u00e0 droite sur sa roue, tenant une faux et une clef. Devant elle, le Temps ail\u00e9 courb\u00e9 \u00e0 terre et encha\u00een\u00e9.<\/span><\/div>\n<div><span style=\"font-family: Arial; font-size: large;\">3.89 g<\/span><\/div>\n<div><span style=\"font-family: Arial; font-size: large;\">27.3 mm<\/span><\/div>\n<div><span style=\"font-family: Arial; font-size: large;\">A little bent.<\/span><\/div>\n<div>\n<div><font size=\"4\" face=\"Arial\"><br \/><\/font><\/div>\n<div><font size=\"4\" face=\"Arial\">______________________________<\/font><\/div>\n<\/div>\n","protected":false},"excerpt":{"rendered":"<p>Feaurdant 11714. Avers:&nbsp;STVDEAT VIRTVTI,&nbsp;Minerve debout de face, tenant de chaque main une couronne royale, sur un \u00e9cu ovale aux armes de France, accost\u00e9 de deux C crois\u00e9s. La bordant \u00e0 sa base, deux cornes d\u2019abondance. Rev.:&nbsp;FORTVNA VARIABILIS, Fortune assise \u00e0 droite sur sa roue, tenant une faux et une clef. Devant elle, le Temps ail\u00e9 [&hellip;]<\/p>\n","protected":false},"featured_media":43145,"template":"","meta":{"_acf_changed":false},"product_brand":[],"product_cat":[446],"product_tag":[],"class_list":{"0":"post-43144","1":"product","2":"type-product","3":"status-publish","4":"has-post-thumbnail","6":"product_cat-other-tokens","7":"pif-has-gallery","9":"first","10":"instock","11":"taxable","12":"shipping-taxable","13":"purchasable","14":"product-type-simple"},"acf":[],"_links":{"self":[{"href":"https:\/\/jetonscanada.com\/en\/wp-json\/wp\/v2\/product\/43144","targetHints":{"allow":["GET"]}}],"collection":[{"href":"https:\/\/jetonscanada.com\/en\/wp-json\/wp\/v2\/product"}],"about":[{"href":"https:\/\/jetonscanada.com\/en\/wp-json\/wp\/v2\/types\/product"}],"wp:featuredmedia":[{"embeddable":true,"href":"https:\/\/jetonscanada.com\/en\/wp-json\/wp\/v2\/media\/43145"}],"wp:attachment":[{"href":"https:\/\/jetonscanada.com\/en\/wp-json\/wp\/v2\/media?parent=43144"}],"wp:term":[{"taxonomy":"product_brand","embeddable":true,"href":"https:\/\/jetonscanada.com\/en\/wp-json\/wp\/v2\/product_brand?post=43144"},{"taxonomy":"product_cat","embeddable":true,"href":"https:\/\/jetonscanada.com\/en\/wp-json\/wp\/v2\/product_cat?post=43144"},{"taxonomy":"product_tag","embeddable":true,"href":"https:\/\/jetonscanada.com\/en\/wp-json\/wp\/v2\/product_tag?post=43144"}],"curies":[{"name":"wp","href":"https:\/\/api.w.org\/{rel}","templated":true}]}}