{"id":41485,"date":"2022-12-05T02:56:22","date_gmt":"2022-12-05T07:56:22","guid":{"rendered":"https:\/\/jetonscanada.com\/fr\/product\/1-selsvarardalur-1942-1960-iceland-silver-storu-selsvor-islande-island\/"},"modified":"2022-12-05T02:56:23","modified_gmt":"2022-12-05T07:56:23","slug":"1-selsvarardalur-1942-1960-iceland-silver-storu-selsvor-islande-island","status":"publish","type":"product","link":"https:\/\/jetonscanada.com\/en\/product\/1-selsvarardalur-1942-1960-iceland-silver-storu-selsvor-islande-island\/","title":{"rendered":"1 Selsvarardalur 1942-1960 Iceland silver St\u00f3ru Selsv\u00f6r Islande \u00cdsland"},"content":{"rendered":"<p><font size=\"4\" face=\"Arial\">1 Selsvarardalur 1942-1960 Iceland,&nbsp;Dalur mint<br \/><\/font><\/p>\n<div><font size=\"4\" face=\"Arial\">Privately issued. This one is not copper but silver.<\/font><\/div>\n<div><font size=\"4\" face=\"Arial\">24.33 g<\/font><\/div>\n<div><font size=\"4\" face=\"Arial\">39.3 mm<\/font><\/div>\n<div><font size=\"4\" face=\"Arial\"><br \/><\/font><\/div>\n<div><font size=\"4\" face=\"Arial\">The two following texts were translated by google, from original text in Icelandic taken from the site SARPUR.is<\/font><\/div>\n<div><font size=\"4\" face=\"Arial\"><br \/><\/font><\/div>\n<div><font size=\"4\" face=\"Arial\">1. The so-called Selsvarardalur. This coin was issued by P\u00e9tur Sal\u00f3monsson, who studied at Selsv\u00f6r in Reykjav\u00edk. He issued the coin on the occasion of his conflict with the Icelandic sit-ins, the so-called Selsvararorustu in 1942. The obverse of the coin features a portrait of P\u00e9tr Sal\u00f3monsson, above which is written: 1 Selsvarardalur. On the back is P\u00e9tur&#8217;s coat of arms, above which it says: St\u00f3ra Selv\u00f6r, and below the years: 1942-1960.<\/font><\/div>\n<div><font size=\"4\" face=\"Arial\"><br \/><\/font><\/div>\n<div><font size=\"4\" face=\"Arial\">2. Commemorative coins of P\u00e9tur Sal\u00f3monsson, silver coin and copper coin, same inscription on both: St\u00f3ra &#8211; Selsv\u00e1r 1948 &#8211; 1960 on one side, on the other side a picture of P\u00e9tr and 1 Selsvarardalur. The coins were minted in memory of P\u00e9tur&#8217;s 18-year stay in St\u00f3ra-Selsv\u00e1r and were therefore named Selsvardalir.<\/font><\/div>\n<div>\n<div style=\"\"><font size=\"4\" face=\"Arial\"><br \/><\/font><\/div>\n<div style=\"\"><font size=\"4\" face=\"Arial\">______________________________<\/font><\/div>\n<\/div>\n","protected":false},"excerpt":{"rendered":"<p>1 Selsvarardalur 1942-1960 Iceland,&nbsp;Dalur mint Privately issued. This one is not copper but silver. 24.33 g 39.3 mm The two following texts were translated by google, from original text in Icelandic taken from the site SARPUR.is 1. The so-called Selsvarardalur. This coin was issued by P\u00e9tur Sal\u00f3monsson, who studied at Selsv\u00f6r in Reykjav\u00edk. He issued [&hellip;]<\/p>\n","protected":false},"featured_media":41486,"template":"","meta":{"_acf_changed":false},"product_brand":[],"product_cat":[474],"product_tag":[],"class_list":{"0":"post-41485","1":"product","2":"type-product","3":"status-publish","4":"has-post-thumbnail","6":"product_cat-world-coins","7":"pa_certification-uncertified","8":"pif-has-gallery","10":"first","11":"instock","12":"taxable","13":"shipping-taxable","14":"purchasable","15":"product-type-simple"},"acf":[],"_links":{"self":[{"href":"https:\/\/jetonscanada.com\/en\/wp-json\/wp\/v2\/product\/41485","targetHints":{"allow":["GET"]}}],"collection":[{"href":"https:\/\/jetonscanada.com\/en\/wp-json\/wp\/v2\/product"}],"about":[{"href":"https:\/\/jetonscanada.com\/en\/wp-json\/wp\/v2\/types\/product"}],"wp:featuredmedia":[{"embeddable":true,"href":"https:\/\/jetonscanada.com\/en\/wp-json\/wp\/v2\/media\/41486"}],"wp:attachment":[{"href":"https:\/\/jetonscanada.com\/en\/wp-json\/wp\/v2\/media?parent=41485"}],"wp:term":[{"taxonomy":"product_brand","embeddable":true,"href":"https:\/\/jetonscanada.com\/en\/wp-json\/wp\/v2\/product_brand?post=41485"},{"taxonomy":"product_cat","embeddable":true,"href":"https:\/\/jetonscanada.com\/en\/wp-json\/wp\/v2\/product_cat?post=41485"},{"taxonomy":"product_tag","embeddable":true,"href":"https:\/\/jetonscanada.com\/en\/wp-json\/wp\/v2\/product_tag?post=41485"}],"curies":[{"name":"wp","href":"https:\/\/api.w.org\/{rel}","templated":true}]}}