{"id":37939,"date":"2022-03-02T13:38:45","date_gmt":"2022-03-02T18:38:45","guid":{"rendered":"https:\/\/jetonscanada.com\/en\/product\/20-escudos-1971-sao-tome-and-principe-km24-copper-nickel-sao-tome-et-principe\/"},"modified":"2022-03-02T23:05:25","modified_gmt":"2022-03-03T04:05:25","slug":"20-escudos-1971-sao-tome-and-principe-km24-copper-nickel-sao-tome-et-principe","status":"publish","type":"product","link":"https:\/\/jetonscanada.com\/en\/product\/20-escudos-1971-sao-tome-and-principe-km24-copper-nickel-sao-tome-et-principe\/","title":{"rendered":"20 escudos 1971 S\u00e3o Tom\u00e9 and Pr\u00edncipe KM#24 Copper-nickel Sao Tom\u00e9-et-Principe"},"content":{"rendered":"<p><font rwr=\"1\" style=\"\"><font rwr=\"1\" style=\"\"><font rwr=\"1\" style=\"\"><font rwr=\"1\" style=\"\"><font rwr=\"1\" style=\"\" size=\"4\" face=\"Arial\"><\/p>\n<div style=\"\"><\/div>\n<div style=\"\">\n<div style=\"\">\n<div style=\"\">\n<div style=\"\">\n<div style=\"\">\n<div style=\"\">\n<div style=\"\">\n<div style=\"\">\n<div style=\"\">20 escudos 1971 S\u00e3o Tom\u00e9 and Pr\u00edncipe, KM#24<\/div>\n<div style=\"\"><\/div>\n<div style=\"\">______________________________<\/div>\n<\/div>\n<\/div>\n<\/div>\n<\/div>\n<\/div>\n<\/div>\n<\/div>\n<\/div>\n<p><\/font><\/font><\/font><\/font><\/font><\/p>\n","protected":false},"excerpt":{"rendered":"<p>20 escudos 1971 S\u00e3o Tom\u00e9 and Pr\u00edncipe, KM#24 ______________________________<\/p>\n","protected":false},"featured_media":37940,"template":"","meta":{"_acf_changed":false},"product_brand":[],"product_cat":[474],"product_tag":[],"class_list":{"0":"post-37939","1":"product","2":"type-product","3":"status-publish","4":"has-post-thumbnail","6":"product_cat-world-coins","7":"pa_certification-uncertified","8":"pa_composition-copper-nickel","9":"pa_country-region-of-manufacture-sao-tome-and-principe","10":"pa_year-985","11":"pif-has-gallery","13":"first","14":"outofstock","15":"taxable","16":"shipping-taxable","17":"purchasable","18":"product-type-simple"},"acf":[],"_links":{"self":[{"href":"https:\/\/jetonscanada.com\/en\/wp-json\/wp\/v2\/product\/37939","targetHints":{"allow":["GET"]}}],"collection":[{"href":"https:\/\/jetonscanada.com\/en\/wp-json\/wp\/v2\/product"}],"about":[{"href":"https:\/\/jetonscanada.com\/en\/wp-json\/wp\/v2\/types\/product"}],"wp:featuredmedia":[{"embeddable":true,"href":"https:\/\/jetonscanada.com\/en\/wp-json\/wp\/v2\/media\/37940"}],"wp:attachment":[{"href":"https:\/\/jetonscanada.com\/en\/wp-json\/wp\/v2\/media?parent=37939"}],"wp:term":[{"taxonomy":"product_brand","embeddable":true,"href":"https:\/\/jetonscanada.com\/en\/wp-json\/wp\/v2\/product_brand?post=37939"},{"taxonomy":"product_cat","embeddable":true,"href":"https:\/\/jetonscanada.com\/en\/wp-json\/wp\/v2\/product_cat?post=37939"},{"taxonomy":"product_tag","embeddable":true,"href":"https:\/\/jetonscanada.com\/en\/wp-json\/wp\/v2\/product_tag?post=37939"}],"curies":[{"name":"wp","href":"https:\/\/api.w.org\/{rel}","templated":true}]}}