{"id":35961,"date":"2021-10-10T14:44:59","date_gmt":"2021-10-10T18:44:59","guid":{"rendered":"https:\/\/jetonscanada.com\/en\/product\/quebecs-numismatic-catalogue-bowman-pare-marquis-2012-token-jetons-eng-fran-3\/"},"modified":"2021-10-11T00:02:08","modified_gmt":"2021-10-11T04:02:08","slug":"quebecs-numismatic-catalogue-bowman-pare-marquis-2012-token-jetons-eng-fran-3","status":"publish","type":"product","link":"https:\/\/jetonscanada.com\/en\/product\/quebecs-numismatic-catalogue-bowman-pare-marquis-2012-token-jetons-eng-fran-3\/","title":{"rendered":"Quebec&#039;s numismatic Catalogue Bowman Par\u00e9 Marquis 2012 Token Jetons Eng. Fran."},"content":{"rendered":"<p><font rwr=\"1\" style=\"font-family: Arial; font-size: 14pt;\"><font rwr=\"1\" style=\"\"><\/font><\/font><\/p>\n<div style=\"\"><font rwr=\"1\" style=\"\"><font rwr=\"1\" style=\"\" size=\"4\" face=\"Arial\"><\/p>\n<div style=\"\">\n<div style=\"\">\n<div style=\"\">\n<div style=\"box-sizing: border-box; background-color: rgb(255, 255, 255);\">Quebec&#8217;s numismatic Catalogue update of Fred Bowman&#8217;s work by Jean-Pierre Par\u00e9 and Yvon Marquis in 2012. First edition (No others are planned).<\/div>\n<div style=\"box-sizing: border-box; background-color: rgb(255, 255, 255);\">Bilingual, French and English. Over 300 pages. Few pictures.<\/div>\n<div style=\"box-sizing: border-box; background-color: rgb(255, 255, 255);\">\n<div style=\"box-sizing: border-box;\">New but might have some marks on the cover.<\/div>\n<div><\/div>\n<\/div>\n<div style=\"box-sizing: border-box; background-color: rgb(255, 255, 255);\"><\/div>\n<div style=\"box-sizing: border-box; background-color: rgb(255, 255, 255);\">R\u00e9pertoire Numismatique du Qu\u00e9bec de Fred Bowman mis \u00e0 jour par Jean-Pierre Par\u00e9 et Yvon Marquis en 2012. Premi\u00e8re \u00e9dition (Aucune autre n&#8217;est pr\u00e9vue).<\/div>\n<div style=\"box-sizing: border-box; background-color: rgb(255, 255, 255);\">Bilingue, en fran\u00e7ais et en anglais. Plus de 300 pages. Peu de photos.<\/div>\n<div style=\"box-sizing: border-box; background-color: rgb(255, 255, 255);\">\n<div style=\"box-sizing: border-box;\">Nouveau mais peut avoir des marques sur la couverture.&nbsp;<\/div>\n<div style=\"box-sizing: border-box;\"><\/div>\n<\/div>\n<div style=\"box-sizing: border-box; background-color: rgb(255, 255, 255);\"><\/div>\n<div style=\"box-sizing: border-box; background-color: rgb(255, 255, 255);\">ISBN : 978-2-9809401-9-4<\/div>\n<div style=\"box-sizing: border-box; background-color: rgb(255, 255, 255);\"><\/div>\n<\/div>\n<\/div>\n<div style=\"font-family: Arial; font-size: 14pt;\">\n<div style=\"\"><font rwr=\"1\" style=\"\"><font rwr=\"1\" style=\"\"><font rwr=\"1\" style=\"\">______________________________<\/font><\/font><\/font><\/div>\n<\/div>\n<\/div>\n<p><\/font><\/font><\/div>\n","protected":false},"excerpt":{"rendered":"<p>Quebec&#8217;s numismatic Catalogue update of Fred Bowman&#8217;s work by Jean-Pierre Par\u00e9 and Yvon Marquis in 2012. First edition (No others are planned). Bilingual, French and English. Over 300 pages. Few pictures. New but might have some marks on the cover. R\u00e9pertoire Numismatique du Qu\u00e9bec de Fred Bowman mis \u00e0 jour par Jean-Pierre Par\u00e9 et Yvon [&hellip;]<\/p>\n","protected":false},"featured_media":35962,"template":"","meta":{"_acf_changed":false},"product_brand":[],"product_cat":[445],"product_tag":[],"class_list":{"0":"post-35961","1":"product","2":"type-product","3":"status-publish","4":"has-post-thumbnail","6":"product_cat-other","7":"pif-has-gallery","9":"first","10":"outofstock","11":"taxable","12":"shipping-taxable","13":"purchasable","14":"product-type-simple"},"acf":[],"_links":{"self":[{"href":"https:\/\/jetonscanada.com\/en\/wp-json\/wp\/v2\/product\/35961","targetHints":{"allow":["GET"]}}],"collection":[{"href":"https:\/\/jetonscanada.com\/en\/wp-json\/wp\/v2\/product"}],"about":[{"href":"https:\/\/jetonscanada.com\/en\/wp-json\/wp\/v2\/types\/product"}],"wp:featuredmedia":[{"embeddable":true,"href":"https:\/\/jetonscanada.com\/en\/wp-json\/wp\/v2\/media\/35962"}],"wp:attachment":[{"href":"https:\/\/jetonscanada.com\/en\/wp-json\/wp\/v2\/media?parent=35961"}],"wp:term":[{"taxonomy":"product_brand","embeddable":true,"href":"https:\/\/jetonscanada.com\/en\/wp-json\/wp\/v2\/product_brand?post=35961"},{"taxonomy":"product_cat","embeddable":true,"href":"https:\/\/jetonscanada.com\/en\/wp-json\/wp\/v2\/product_cat?post=35961"},{"taxonomy":"product_tag","embeddable":true,"href":"https:\/\/jetonscanada.com\/en\/wp-json\/wp\/v2\/product_tag?post=35961"}],"curies":[{"name":"wp","href":"https:\/\/api.w.org\/{rel}","templated":true}]}}