{"id":34412,"date":"2021-08-26T15:41:31","date_gmt":"2021-08-26T19:41:31","guid":{"rendered":"https:\/\/jetonscanada.com\/fr\/product\/100-mon-1835-1870-japan-c7-bronze-tenpotsuho-japon-3\/"},"modified":"2021-08-27T01:52:42","modified_gmt":"2021-08-27T05:52:42","slug":"100-mon-1835-1870-japan-c7-bronze-tenpotsuho-japon-3","status":"publish","type":"product","link":"https:\/\/jetonscanada.com\/en\/product\/100-mon-1835-1870-japan-c7-bronze-tenpotsuho-japon-3\/","title":{"rendered":"100 mon 1835-1870 Japan C#7 Bronze Tenp\u014dts\u016bh\u014d Japon #3"},"content":{"rendered":"<p><font rwr=\"1\" style=\"\"><font rwr=\"1\" style=\"\"><font rwr=\"1\" style=\"\"><font rwr=\"1\" style=\"\"><font rwr=\"1\" style=\"\"><\/p>\n<div style=\"font-family: Arial; font-size: 14pt;\"><\/div>\n<div style=\"\">\n<div style=\"\">\n<div style=\"\">\n<div style=\"\">\n<div style=\"\">\n<div style=\"\">\n<div style=\"\">\n<div style=\"\">\n<div id=\"ds_div\" style=\"\">\n<div style=\"\">\n<div style=\"\">\n<div style=\"\">\n<div style=\"\"><font face=\"Arial\" size=\"4\">100 mon 1835-1870 Japan, C#7<\/font><\/div>\n<div style=\"\"><\/div>\n<div style=\"font-family: Arial; font-size: large;\">______________________________<\/div>\n<\/div>\n<\/div>\n<\/div>\n<\/div>\n<\/div>\n<\/div>\n<\/div>\n<\/div>\n<\/div>\n<\/div>\n<\/div>\n<\/div>\n<p><\/font><\/font><\/font><\/font><\/font><\/p>\n","protected":false},"excerpt":{"rendered":"<p>100 mon 1835-1870 Japan, C#7 ______________________________<\/p>\n","protected":false},"featured_media":34413,"template":"","meta":{"_acf_changed":false},"product_brand":[],"product_cat":[474],"product_tag":[],"class_list":{"0":"post-34412","1":"product","2":"type-product","3":"status-publish","4":"has-post-thumbnail","6":"product_cat-world-coins","7":"pa_certification-uncertified","8":"pa_composition-bronze","9":"pa_country-region-of-manufacture-japan","10":"pa_year-793","11":"pif-has-gallery","13":"first","14":"outofstock","15":"taxable","16":"shipping-taxable","17":"purchasable","18":"product-type-simple"},"acf":[],"_links":{"self":[{"href":"https:\/\/jetonscanada.com\/en\/wp-json\/wp\/v2\/product\/34412","targetHints":{"allow":["GET"]}}],"collection":[{"href":"https:\/\/jetonscanada.com\/en\/wp-json\/wp\/v2\/product"}],"about":[{"href":"https:\/\/jetonscanada.com\/en\/wp-json\/wp\/v2\/types\/product"}],"wp:featuredmedia":[{"embeddable":true,"href":"https:\/\/jetonscanada.com\/en\/wp-json\/wp\/v2\/media\/34413"}],"wp:attachment":[{"href":"https:\/\/jetonscanada.com\/en\/wp-json\/wp\/v2\/media?parent=34412"}],"wp:term":[{"taxonomy":"product_brand","embeddable":true,"href":"https:\/\/jetonscanada.com\/en\/wp-json\/wp\/v2\/product_brand?post=34412"},{"taxonomy":"product_cat","embeddable":true,"href":"https:\/\/jetonscanada.com\/en\/wp-json\/wp\/v2\/product_cat?post=34412"},{"taxonomy":"product_tag","embeddable":true,"href":"https:\/\/jetonscanada.com\/en\/wp-json\/wp\/v2\/product_tag?post=34412"}],"curies":[{"name":"wp","href":"https:\/\/api.w.org\/{rel}","templated":true}]}}