{"id":126,"date":"2020-10-11T18:29:34","date_gmt":"2020-10-11T18:29:34","guid":{"rendered":"https:\/\/jetonscanada.com\/?page_id=126"},"modified":"2022-07-09T00:03:52","modified_gmt":"2022-07-09T04:03:52","slug":"about-us","status":"publish","type":"page","link":"https:\/\/jetonscanada.com\/en\/about-us\/","title":{"rendered":"About us"},"content":{"rendered":"\n<div class=\"wp-block-cover has-custom-content-position is-position-top-left\" style=\"min-height:613px;aspect-ratio:unset;\"><span aria-hidden=\"true\" class=\"has-background-dim-0 wp-block-cover__gradient-background has-background-dim\"><\/span><img decoding=\"async\" class=\"wp-block-cover__image-background wp-image-13364\" alt=\"\" src=\"https:\/\/jetonscanada.com\/wp-content\/uploads\/2020\/11\/1.png\" data-object-fit=\"cover\"\/><div class=\"wp-block-cover__inner-container is-layout-flow wp-block-cover-is-layout-flow\">\n<p class=\"@font-face { font-family: 'Alien League'; src: url('AlienLeagueBold.woff2') format('woff2'), url('AlienLeagueBold.woff') format('woff'); font-weight: bold; font-style: normal; font-display: swap; }\" style=\"font-size:50px\"><strong><em>OUR LITTLE STORY :<\/em><\/strong><\/p>\n\n\n\n<p class=\"has-huge-font-size\">Professional numismatist since 2016, Cl\u00e9ment Chapados-Girard is at the head of Jetons Canada which specialized in the field of the Canadian Colonial Tokens. We are located on the south shore of Qu\u00e9bec city, L\u00e9vis to be precise. We have no physical store but you can see Cl\u00e9ment going to coin shows, especially near Montr\u00e9al or Toronto.<\/p>\n\n\n\n<p><\/p>\n\n\n\n<p class=\"has-huge-font-size\">Since 2019 Cl\u00e9ment is the editor of the Charlton Standard Catalogue, Canadian Colonial Tokens. He is a <a href=\"https:\/\/www.rcna.ca\/\">RCNA<\/a> life member and a member of the <a href=\"https:\/\/www.cand.org\/\">CAND<\/a>. Finally, his general interest in History brought him closer to the ancient coins, especially Roman coins as well as world coins.<\/p>\n<\/div><\/div>\n","protected":false},"excerpt":{"rendered":"","protected":false},"author":11,"featured_media":0,"parent":0,"menu_order":0,"comment_status":"closed","ping_status":"closed","template":"template-fullwidth.php","meta":{"_acf_changed":false,"footnotes":""},"class_list":["post-126","page","type-page","status-publish","hentry"],"acf":[],"_links":{"self":[{"href":"https:\/\/jetonscanada.com\/en\/wp-json\/wp\/v2\/pages\/126","targetHints":{"allow":["GET"]}}],"collection":[{"href":"https:\/\/jetonscanada.com\/en\/wp-json\/wp\/v2\/pages"}],"about":[{"href":"https:\/\/jetonscanada.com\/en\/wp-json\/wp\/v2\/types\/page"}],"author":[{"embeddable":true,"href":"https:\/\/jetonscanada.com\/en\/wp-json\/wp\/v2\/users\/11"}],"replies":[{"embeddable":true,"href":"https:\/\/jetonscanada.com\/en\/wp-json\/wp\/v2\/comments?post=126"}],"version-history":[{"count":0,"href":"https:\/\/jetonscanada.com\/en\/wp-json\/wp\/v2\/pages\/126\/revisions"}],"wp:attachment":[{"href":"https:\/\/jetonscanada.com\/en\/wp-json\/wp\/v2\/media?parent=126"}],"curies":[{"name":"wp","href":"https:\/\/api.w.org\/{rel}","templated":true}]}}